{"id":8659,"date":"2026-02-18T14:21:24","date_gmt":"2026-02-18T12:21:24","guid":{"rendered":"https:\/\/www.helle.fi\/tuote\/hackgras-tom-thumb-mix\/"},"modified":"2026-02-18T14:21:24","modified_gmt":"2026-02-18T12:21:24","slug":"hackgras-tom-thumb-mix","status":"publish","type":"product","link":"https:\/\/www.helle.fi\/sv\/tuote\/hackgras-tom-thumb-mix\/","title":{"rendered":"H\u00e4ckgr\u00e4s Tom Thumb Mix"},"content":{"rendered":"<p>Tom Thumb Mix \u00e4r en f\u00e4rgblandning med enkla blommor.<\/p>\n<p>Tom Thumb Mix \u00e4r m\u00e5ngsidig och l\u00e4mplig f\u00f6r anv\u00e4ndning i krukor, som kant f\u00f6r l\u00e5dplanteringar och f\u00f6r att klippa vinrankor.<\/p>\n<p>S\u00e4ljs i 50g-f\u00f6rpackningar.<\/p>\n","protected":false},"excerpt":{"rendered":"<p>Tom Thumb Mix \u00e4r en f\u00e4rgblandning med enkla blommor. Tom Thumb Mix \u00e4r m\u00e5ngsidig och l\u00e4mplig f\u00f6r anv\u00e4ndning i krukor, som kant f\u00f6r l\u00e5dplanteringar och f\u00f6r att klippa vinrankor. S\u00e4ljs i 50g-f\u00f6rpackningar.<\/p>\n","protected":false},"featured_media":8662,"template":"","meta":{"_improvement_type_select":"improve_an_existing","_thumb_yes_seoaic":false,"_frame_yes_seoaic":false,"seoaic_generate_description":"","seoaic_improve_instructions_prompt":"","seoaic_rollback_content_improvement":"","seoaic_idea_thumbnail_generator":"","thumbnail_generated":false,"thumbnail_generate_prompt":"","seoaic_article_description":""},"product_brand":[],"product_cat":[1485,1445],"product_tag":[1605,1609,1607,1608],"class_list":{"0":"post-8659","1":"product","2":"type-product","3":"status-publish","4":"has-post-thumbnail","6":"product_cat-blommor-och-prydnadsvaxter","7":"product_cat-fron-och-plantor","8":"product_tag-dekorativ-krasse","9":"product_tag-hack-gras","10":"product_tag-tom-thumb-mix","11":"product_tag-tropaeolum-majus-nanum","13":"first","14":"instock","15":"taxable","16":"shipping-taxable","17":"purchasable","18":"product-type-simple"},"_links":{"self":[{"href":"https:\/\/www.helle.fi\/sv\/wp-json\/wp\/v2\/product\/8659","targetHints":{"allow":["GET"]}}],"collection":[{"href":"https:\/\/www.helle.fi\/sv\/wp-json\/wp\/v2\/product"}],"about":[{"href":"https:\/\/www.helle.fi\/sv\/wp-json\/wp\/v2\/types\/product"}],"wp:featuredmedia":[{"embeddable":true,"href":"https:\/\/www.helle.fi\/sv\/wp-json\/wp\/v2\/media\/8662"}],"wp:attachment":[{"href":"https:\/\/www.helle.fi\/sv\/wp-json\/wp\/v2\/media?parent=8659"}],"wp:term":[{"taxonomy":"product_brand","embeddable":true,"href":"https:\/\/www.helle.fi\/sv\/wp-json\/wp\/v2\/product_brand?post=8659"},{"taxonomy":"product_cat","embeddable":true,"href":"https:\/\/www.helle.fi\/sv\/wp-json\/wp\/v2\/product_cat?post=8659"},{"taxonomy":"product_tag","embeddable":true,"href":"https:\/\/www.helle.fi\/sv\/wp-json\/wp\/v2\/product_tag?post=8659"}],"curies":[{"name":"wp","href":"https:\/\/api.w.org\/{rel}","templated":true}]}}