{"id":8657,"date":"2026-02-18T14:21:39","date_gmt":"2026-02-18T12:21:39","guid":{"rendered":"https:\/\/www.helle.fi\/tuote\/chilipeppar-wls-9603-100-s\/"},"modified":"2026-02-18T14:21:39","modified_gmt":"2026-02-18T12:21:39","slug":"chilipeppar-wls-9603-100-s","status":"publish","type":"product","link":"https:\/\/www.helle.fi\/sv\/tuote\/chilipeppar-wls-9603-100-s\/","title":{"rendered":"Chilipeppar WLS 9603 100 s."},"content":{"rendered":"<p>WLS 9603 \u00e4r en mycket het, ljusgul chilisort.<\/p>\n<p>Sorten \u00e4r tidig, produktiv och av h\u00f6g kvalitet.<\/p>\n<p>Fruktens vikt ca 18-20 g. <\/p>\n<p>S\u00e4ljs i f\u00f6rpackningar om 100 fr\u00f6n.<\/p>\n","protected":false},"excerpt":{"rendered":"<p>WLS 9603 \u00e4r en mycket het, ljusgul chilisort. Sorten \u00e4r tidig, produktiv och av h\u00f6g kvalitet. Fruktens vikt ca 18-20 g. S\u00e4ljs i f\u00f6rpackningar om 100 fr\u00f6n.<\/p>\n","protected":false},"featured_media":8658,"template":"","meta":{"_improvement_type_select":"improve_an_existing","_thumb_yes_seoaic":false,"_frame_yes_seoaic":false,"seoaic_generate_description":"","seoaic_improve_instructions_prompt":"","seoaic_rollback_content_improvement":"","seoaic_idea_thumbnail_generator":"","thumbnail_generated":false,"thumbnail_generate_prompt":"","seoaic_article_description":""},"product_brand":[],"product_cat":[1600,1445,1512],"product_tag":[1601,1603,1572,1602],"class_list":{"0":"post-8657","1":"product","2":"type-product","3":"status-publish","4":"has-post-thumbnail","6":"product_cat-chilli","7":"product_cat-fron-och-plantor","8":"product_cat-vaxthusgronsaker","9":"product_tag-chili","10":"product_tag-eldig","11":"product_tag-gul","12":"product_tag-wls-9603","14":"first","15":"onbackorder","16":"taxable","17":"shipping-taxable","18":"purchasable","19":"product-type-simple"},"_links":{"self":[{"href":"https:\/\/www.helle.fi\/sv\/wp-json\/wp\/v2\/product\/8657","targetHints":{"allow":["GET"]}}],"collection":[{"href":"https:\/\/www.helle.fi\/sv\/wp-json\/wp\/v2\/product"}],"about":[{"href":"https:\/\/www.helle.fi\/sv\/wp-json\/wp\/v2\/types\/product"}],"wp:featuredmedia":[{"embeddable":true,"href":"https:\/\/www.helle.fi\/sv\/wp-json\/wp\/v2\/media\/8658"}],"wp:attachment":[{"href":"https:\/\/www.helle.fi\/sv\/wp-json\/wp\/v2\/media?parent=8657"}],"wp:term":[{"taxonomy":"product_brand","embeddable":true,"href":"https:\/\/www.helle.fi\/sv\/wp-json\/wp\/v2\/product_brand?post=8657"},{"taxonomy":"product_cat","embeddable":true,"href":"https:\/\/www.helle.fi\/sv\/wp-json\/wp\/v2\/product_cat?post=8657"},{"taxonomy":"product_tag","embeddable":true,"href":"https:\/\/www.helle.fi\/sv\/wp-json\/wp\/v2\/product_tag?post=8657"}],"curies":[{"name":"wp","href":"https:\/\/api.w.org\/{rel}","templated":true}]}}