{"id":8650,"date":"2026-02-18T14:22:15","date_gmt":"2026-02-18T12:22:15","guid":{"rendered":"https:\/\/www.helle.fi\/tuote\/tertiar-tomat-tom-ruby-100-s\/"},"modified":"2026-02-18T14:22:15","modified_gmt":"2026-02-18T12:22:15","slug":"tertiar-tomat-tom-ruby-100-s","status":"publish","type":"product","link":"https:\/\/www.helle.fi\/sv\/tuote\/tertiar-tomat-tom-ruby-100-s\/","title":{"rendered":"Terti\u00e4r tomat Tom Ruby 100 s."},"content":{"rendered":"<p>Tom Ruby \u00e4r en terti\u00e4r tomatsort som producerar gl\u00e4nsande djupr\u00f6d frukt.<\/p>\n<p>Sorten har ett h\u00f6gt Brix-v\u00e4rde, j\u00e4mn etablering och tillf\u00f6rlitlig avkastning.<\/p>\n<p>Fruktvikt ca 22-27 g. <\/p>\n<div>S\u00e4ljs i f\u00f6rpackningar om 100 fr\u00f6n.<\/div>\n","protected":false},"excerpt":{"rendered":"<p>Tom Ruby \u00e4r en terti\u00e4r tomatsort som producerar gl\u00e4nsande djupr\u00f6d frukt. Sorten har ett h\u00f6gt Brix-v\u00e4rde, j\u00e4mn etablering och tillf\u00f6rlitlig avkastning. Fruktvikt ca 22-27 g. S\u00e4ljs i f\u00f6rpackningar om 100 fr\u00f6n.<\/p>\n","protected":false},"featured_media":8652,"template":"","meta":{"_improvement_type_select":"improve_an_existing","_thumb_yes_seoaic":false,"_frame_yes_seoaic":false,"seoaic_generate_description":"","seoaic_improve_instructions_prompt":"","seoaic_rollback_content_improvement":"","seoaic_idea_thumbnail_generator":"","thumbnail_generated":false,"thumbnail_generate_prompt":"","seoaic_article_description":""},"product_brand":[1363],"product_cat":[1567,1445,1512],"product_tag":[1594,1593,1569,1592],"class_list":{"0":"post-8650","1":"product","2":"type-product","3":"status-publish","4":"has-post-thumbnail","6":"product_brand-harmoniz-seeds","7":"product_cat-tomat","8":"product_cat-fron-och-plantor","9":"product_cat-vaxthusgronsaker","10":"product_tag-djupt-rod","11":"product_tag-glansande","12":"product_tag-tertiar-tomat","13":"product_tag-tom-ruby","15":"first","16":"instock","17":"taxable","18":"shipping-taxable","19":"purchasable","20":"product-type-simple"},"_links":{"self":[{"href":"https:\/\/www.helle.fi\/sv\/wp-json\/wp\/v2\/product\/8650","targetHints":{"allow":["GET"]}}],"collection":[{"href":"https:\/\/www.helle.fi\/sv\/wp-json\/wp\/v2\/product"}],"about":[{"href":"https:\/\/www.helle.fi\/sv\/wp-json\/wp\/v2\/types\/product"}],"wp:featuredmedia":[{"embeddable":true,"href":"https:\/\/www.helle.fi\/sv\/wp-json\/wp\/v2\/media\/8652"}],"wp:attachment":[{"href":"https:\/\/www.helle.fi\/sv\/wp-json\/wp\/v2\/media?parent=8650"}],"wp:term":[{"taxonomy":"product_brand","embeddable":true,"href":"https:\/\/www.helle.fi\/sv\/wp-json\/wp\/v2\/product_brand?post=8650"},{"taxonomy":"product_cat","embeddable":true,"href":"https:\/\/www.helle.fi\/sv\/wp-json\/wp\/v2\/product_cat?post=8650"},{"taxonomy":"product_tag","embeddable":true,"href":"https:\/\/www.helle.fi\/sv\/wp-json\/wp\/v2\/product_tag?post=8650"}],"curies":[{"name":"wp","href":"https:\/\/api.w.org\/{rel}","templated":true}]}}