{"id":8649,"date":"2026-02-26T18:21:04","date_gmt":"2026-02-26T16:21:04","guid":{"rendered":"https:\/\/www.helle.fi\/tuote\/silver-fleece-silverdust\/"},"modified":"2026-02-26T18:21:04","modified_gmt":"2026-02-26T16:21:04","slug":"silver-fleece-silverdust","status":"publish","type":"product","link":"https:\/\/www.helle.fi\/sv\/tuote\/silver-fleece-silverdust\/","title":{"rendered":"Silver fleece Silverdust"},"content":{"rendered":"<p>Silverdust \u00e4r en popul\u00e4r silverv\u00e4xt som anv\u00e4nds som prydnadsv\u00e4xt. Silverdust \u00e4r en fler\u00e5rig v\u00e4xt. <\/p>\n<p>Det \u00e4r en 15-20 cm h\u00f6g sort.<\/p>\n<p>S\u00e4ljs i f\u00f6rpackningar om 5 gram.<\/p>\n","protected":false},"excerpt":{"rendered":"<p>Silverdust \u00e4r en popul\u00e4r silverv\u00e4xt som anv\u00e4nds som prydnadsv\u00e4xt. Silverdust \u00e4r en fler\u00e5rig v\u00e4xt. Det \u00e4r en 15-20 cm h\u00f6g sort. S\u00e4ljs i f\u00f6rpackningar om 5 gram.<\/p>\n","protected":false},"featured_media":8651,"template":"","meta":{"_improvement_type_select":"improve_an_existing","_thumb_yes_seoaic":false,"_frame_yes_seoaic":false,"seoaic_generate_description":"","seoaic_improve_instructions_prompt":"","seoaic_rollback_content_improvement":"","seoaic_idea_thumbnail_generator":"","thumbnail_generated":false,"thumbnail_generate_prompt":"","seoaic_article_description":""},"product_brand":[],"product_cat":[1485,1445],"product_tag":[1589,1588,1591,1590],"class_list":{"0":"post-8649","1":"product","2":"type-product","3":"status-publish","4":"has-post-thumbnail","6":"product_cat-blommor-och-prydnadsvaxter","7":"product_cat-fron-och-plantor","8":"product_tag-flerarig","9":"product_tag-prydnadsvaxt","10":"product_tag-silverstoft","11":"product_tag-silverull","13":"first","14":"instock","15":"taxable","16":"shipping-taxable","17":"purchasable","18":"product-type-simple"},"_links":{"self":[{"href":"https:\/\/www.helle.fi\/sv\/wp-json\/wp\/v2\/product\/8649","targetHints":{"allow":["GET"]}}],"collection":[{"href":"https:\/\/www.helle.fi\/sv\/wp-json\/wp\/v2\/product"}],"about":[{"href":"https:\/\/www.helle.fi\/sv\/wp-json\/wp\/v2\/types\/product"}],"wp:featuredmedia":[{"embeddable":true,"href":"https:\/\/www.helle.fi\/sv\/wp-json\/wp\/v2\/media\/8651"}],"wp:attachment":[{"href":"https:\/\/www.helle.fi\/sv\/wp-json\/wp\/v2\/media?parent=8649"}],"wp:term":[{"taxonomy":"product_brand","embeddable":true,"href":"https:\/\/www.helle.fi\/sv\/wp-json\/wp\/v2\/product_brand?post=8649"},{"taxonomy":"product_cat","embeddable":true,"href":"https:\/\/www.helle.fi\/sv\/wp-json\/wp\/v2\/product_cat?post=8649"},{"taxonomy":"product_tag","embeddable":true,"href":"https:\/\/www.helle.fi\/sv\/wp-json\/wp\/v2\/product_tag?post=8649"}],"curies":[{"name":"wp","href":"https:\/\/api.w.org\/{rel}","templated":true}]}}