{"id":8646,"date":"2026-02-18T14:22:05","date_gmt":"2026-02-18T12:22:05","guid":{"rendered":"https:\/\/www.helle.fi\/tuote\/korsbarsplommontomat-mirasol-plum-100-s\/"},"modified":"2026-02-18T14:22:05","modified_gmt":"2026-02-18T12:22:05","slug":"korsbarsplommontomat-mirasol-plum-100-s","status":"publish","type":"product","link":"https:\/\/www.helle.fi\/sv\/tuote\/korsbarsplommontomat-mirasol-plum-100-s\/","title":{"rendered":"K\u00f6rsb\u00e4rsplommontomat MiraSol Plum 100 s."},"content":{"rendered":"<p>MiraSol Plum \u00e4r en utm\u00e4rkt, gul plommontomatsort med ett balanserat v\u00e4xts\u00e4tt.<\/p>\n<p>Den ger rikliga sk\u00f6rdar av v\u00e4lsmakande frukt av h\u00f6gsta kvalitet.<\/p>\n<div>Fruktvikt ca 15-17 g. <\/div>\n<div>S\u00e4ljs i f\u00f6rpackningar om 100 fr\u00f6n.<\/div>\n","protected":false},"excerpt":{"rendered":"<p>MiraSol Plum \u00e4r en utm\u00e4rkt, gul plommontomatsort med ett balanserat v\u00e4xts\u00e4tt. Den ger rikliga sk\u00f6rdar av v\u00e4lsmakande frukt av h\u00f6gsta kvalitet. Fruktvikt ca 15-17 g. S\u00e4ljs i f\u00f6rpackningar om 100 fr\u00f6n.<\/p>\n","protected":false},"featured_media":8648,"template":"","meta":{"_improvement_type_select":"improve_an_existing","_thumb_yes_seoaic":false,"_frame_yes_seoaic":false,"seoaic_generate_description":"","seoaic_improve_instructions_prompt":"","seoaic_rollback_content_improvement":"","seoaic_idea_thumbnail_generator":"","thumbnail_generated":false,"thumbnail_generate_prompt":"","seoaic_article_description":""},"product_brand":[1363],"product_cat":[1567,1445,1512],"product_tag":[1572,1586,1587,1525],"class_list":{"0":"post-8646","1":"product","2":"type-product","3":"status-publish","4":"has-post-thumbnail","6":"product_brand-harmoniz-seeds","7":"product_cat-tomat","8":"product_cat-fron-och-plantor","9":"product_cat-vaxthusgronsaker","10":"product_tag-gul","11":"product_tag-korsbarsplommontomat","12":"product_tag-mirasol-plommon","13":"product_tag-satoisa","15":"first","16":"instock","17":"taxable","18":"shipping-taxable","19":"purchasable","20":"product-type-simple"},"_links":{"self":[{"href":"https:\/\/www.helle.fi\/sv\/wp-json\/wp\/v2\/product\/8646","targetHints":{"allow":["GET"]}}],"collection":[{"href":"https:\/\/www.helle.fi\/sv\/wp-json\/wp\/v2\/product"}],"about":[{"href":"https:\/\/www.helle.fi\/sv\/wp-json\/wp\/v2\/types\/product"}],"wp:featuredmedia":[{"embeddable":true,"href":"https:\/\/www.helle.fi\/sv\/wp-json\/wp\/v2\/media\/8648"}],"wp:attachment":[{"href":"https:\/\/www.helle.fi\/sv\/wp-json\/wp\/v2\/media?parent=8646"}],"wp:term":[{"taxonomy":"product_brand","embeddable":true,"href":"https:\/\/www.helle.fi\/sv\/wp-json\/wp\/v2\/product_brand?post=8646"},{"taxonomy":"product_cat","embeddable":true,"href":"https:\/\/www.helle.fi\/sv\/wp-json\/wp\/v2\/product_cat?post=8646"},{"taxonomy":"product_tag","embeddable":true,"href":"https:\/\/www.helle.fi\/sv\/wp-json\/wp\/v2\/product_tag?post=8646"}],"curies":[{"name":"wp","href":"https:\/\/api.w.org\/{rel}","templated":true}]}}