{"id":8642,"date":"2026-02-18T14:21:53","date_gmt":"2026-02-18T12:21:53","guid":{"rendered":"https:\/\/www.helle.fi\/tuote\/eukalyptus-styx\/"},"modified":"2026-02-18T14:21:53","modified_gmt":"2026-02-18T12:21:53","slug":"eukalyptus-styx","status":"publish","type":"product","link":"https:\/\/www.helle.fi\/sv\/tuote\/eukalyptus-styx\/","title":{"rendered":"Eukalyptus StyX"},"content":{"rendered":"<p>Eucalyptus globulus StyX \u00e4r en snabbv\u00e4xande eukalyptussort med kraftiga stammar.<\/p>\n<p>Denna silverf\u00e4rgade eukalyptus \u00e4r idealisk f\u00f6r blomsterarrangemang!<\/p>\n<p>Under goda odlingsf\u00f6rh\u00e5llanden kan den bli upp till en meter h\u00f6g.<\/p>\n<p>S\u00e4ljs i paket med 100 fr\u00f6n.<\/p>\n","protected":false},"excerpt":{"rendered":"<p>Eucalyptus globulus StyX \u00e4r en snabbv\u00e4xande eukalyptussort med kraftiga stammar. Denna silverf\u00e4rgade eukalyptus \u00e4r idealisk f\u00f6r blomsterarrangemang! Under goda odlingsf\u00f6rh\u00e5llanden kan den bli upp till en meter h\u00f6g. S\u00e4ljs i paket med 100 fr\u00f6n.<\/p>\n","protected":false},"featured_media":8644,"template":"","meta":{"_improvement_type_select":"improve_an_existing","_thumb_yes_seoaic":false,"_frame_yes_seoaic":false,"seoaic_generate_description":"","seoaic_improve_instructions_prompt":"","seoaic_rollback_content_improvement":"","seoaic_idea_thumbnail_generator":"","thumbnail_generated":false,"thumbnail_generate_prompt":"","seoaic_article_description":""},"product_brand":[],"product_cat":[1485,1445],"product_tag":[1579,1464,1581,1580],"class_list":{"0":"post-8642","1":"product","2":"type-product","3":"status-publish","4":"has-post-thumbnail","6":"product_cat-blommor-och-prydnadsvaxter","7":"product_cat-fron-och-plantor","8":"product_tag-eukalyptus","9":"product_tag-hog","10":"product_tag-silverfargad","11":"product_tag-styx","13":"first","14":"instock","15":"taxable","16":"shipping-taxable","17":"purchasable","18":"product-type-simple"},"_links":{"self":[{"href":"https:\/\/www.helle.fi\/sv\/wp-json\/wp\/v2\/product\/8642","targetHints":{"allow":["GET"]}}],"collection":[{"href":"https:\/\/www.helle.fi\/sv\/wp-json\/wp\/v2\/product"}],"about":[{"href":"https:\/\/www.helle.fi\/sv\/wp-json\/wp\/v2\/types\/product"}],"wp:featuredmedia":[{"embeddable":true,"href":"https:\/\/www.helle.fi\/sv\/wp-json\/wp\/v2\/media\/8644"}],"wp:attachment":[{"href":"https:\/\/www.helle.fi\/sv\/wp-json\/wp\/v2\/media?parent=8642"}],"wp:term":[{"taxonomy":"product_brand","embeddable":true,"href":"https:\/\/www.helle.fi\/sv\/wp-json\/wp\/v2\/product_brand?post=8642"},{"taxonomy":"product_cat","embeddable":true,"href":"https:\/\/www.helle.fi\/sv\/wp-json\/wp\/v2\/product_cat?post=8642"},{"taxonomy":"product_tag","embeddable":true,"href":"https:\/\/www.helle.fi\/sv\/wp-json\/wp\/v2\/product_tag?post=8642"}],"curies":[{"name":"wp","href":"https:\/\/api.w.org\/{rel}","templated":true}]}}