{"id":8636,"date":"2026-02-18T14:21:52","date_gmt":"2026-02-18T12:21:52","guid":{"rendered":"https:\/\/www.helle.fi\/tuote\/sot-paprika-chero-100-s\/"},"modified":"2026-02-18T14:21:52","modified_gmt":"2026-02-18T12:21:52","slug":"sot-paprika-chero-100-s","status":"publish","type":"product","link":"https:\/\/www.helle.fi\/sv\/tuote\/sot-paprika-chero-100-s\/","title":{"rendered":"S\u00f6t paprika Chero 100 s."},"content":{"rendered":"<p>Chero \u00e4r en gul paprikasort med h\u00f6g avkastningspotential.<\/p>\n<p>Sorten har v\u00e4lformade frukter av god kvalitet med bra f\u00e4rg, smak och h\u00e5llbarhet. En kompakt planta med bra v\u00e4xtstruktur. Tack vare sin h\u00f6jd \u00e4r Chero ocks\u00e5 mycket l\u00e4mplig f\u00f6r l\u00e5ga v\u00e4xthus.  <\/p>\n<div>\n<div>Fruktens vikt ca 180-200 g. <\/div>\n<\/div>\n<div>\n<div>S\u00e4ljs i f\u00f6rpackningar om 100 fr\u00f6n.<\/div>\n<\/div>\n<p>&nbsp;<\/p>\n","protected":false},"excerpt":{"rendered":"<p>Chero \u00e4r en gul paprikasort med h\u00f6g avkastningspotential. Sorten har v\u00e4lformade frukter av god kvalitet med bra f\u00e4rg, smak och h\u00e5llbarhet. En kompakt planta med bra v\u00e4xtstruktur. Tack vare sin h\u00f6jd \u00e4r Chero ocks\u00e5 mycket l\u00e4mplig f\u00f6r l\u00e5ga v\u00e4xthus. Fruktens vikt ca 180-200 g. S\u00e4ljs i f\u00f6rpackningar om 100 fr\u00f6n. &nbsp;<\/p>\n","protected":false},"featured_media":8640,"template":"","meta":{"_improvement_type_select":"improve_an_existing","_thumb_yes_seoaic":false,"_frame_yes_seoaic":false,"seoaic_generate_description":"","seoaic_improve_instructions_prompt":"","seoaic_rollback_content_improvement":"","seoaic_idea_thumbnail_generator":"","thumbnail_generated":false,"thumbnail_generate_prompt":"","seoaic_article_description":""},"product_brand":[],"product_cat":[1570,1445,1512],"product_tag":[1573,1572,1574,1571],"class_list":{"0":"post-8636","1":"product","2":"type-product","3":"status-publish","4":"has-post-thumbnail","6":"product_cat-paprika","7":"product_cat-fron-och-plantor","8":"product_cat-vaxthusgronsaker","9":"product_tag-chero","10":"product_tag-gul","11":"product_tag-hog-kvalitet","12":"product_tag-paprika","14":"first","15":"instock","16":"taxable","17":"shipping-taxable","18":"purchasable","19":"product-type-simple"},"_links":{"self":[{"href":"https:\/\/www.helle.fi\/sv\/wp-json\/wp\/v2\/product\/8636","targetHints":{"allow":["GET"]}}],"collection":[{"href":"https:\/\/www.helle.fi\/sv\/wp-json\/wp\/v2\/product"}],"about":[{"href":"https:\/\/www.helle.fi\/sv\/wp-json\/wp\/v2\/types\/product"}],"wp:featuredmedia":[{"embeddable":true,"href":"https:\/\/www.helle.fi\/sv\/wp-json\/wp\/v2\/media\/8640"}],"wp:attachment":[{"href":"https:\/\/www.helle.fi\/sv\/wp-json\/wp\/v2\/media?parent=8636"}],"wp:term":[{"taxonomy":"product_brand","embeddable":true,"href":"https:\/\/www.helle.fi\/sv\/wp-json\/wp\/v2\/product_brand?post=8636"},{"taxonomy":"product_cat","embeddable":true,"href":"https:\/\/www.helle.fi\/sv\/wp-json\/wp\/v2\/product_cat?post=8636"},{"taxonomy":"product_tag","embeddable":true,"href":"https:\/\/www.helle.fi\/sv\/wp-json\/wp\/v2\/product_tag?post=8636"}],"curies":[{"name":"wp","href":"https:\/\/api.w.org\/{rel}","templated":true}]}}