{"id":8633,"date":"2026-02-26T18:21:17","date_gmt":"2026-02-26T16:21:17","guid":{"rendered":"https:\/\/www.helle.fi\/tuote\/vattenmelon-sugar-baby-1000-s\/"},"modified":"2026-02-26T18:21:17","modified_gmt":"2026-02-26T16:21:17","slug":"vattenmelon-sugar-baby-1000-s","status":"publish","type":"product","link":"https:\/\/www.helle.fi\/sv\/tuote\/vattenmelon-sugar-baby-1000-s\/","title":{"rendered":"Vattenmelon Sugar Baby 1000 s."},"content":{"rendered":"<p>Sugar Baby \u00e4r en s\u00e4ker och v\u00e4lk\u00e4nd vattenmelonsort.<\/p>\n<p>Dess frukter v\u00e4ger vanligtvis minst 1 kg.<\/p>\n<p>Vattenmelon odlas p\u00e5 friland under tak och den rekommenderade groningstemperaturen \u00e4r 22-24 grader Celsius. Efter groningen b\u00f6r dagstemperaturen vara 20-22 grader Celsius och 15-17 grader Celsius p\u00e5 natten. <\/p>\n<p>Befruktningen s\u00e4kerst\u00e4lls genom handsprutning.<\/p>\n<p>S\u00e4ljs i f\u00f6rpackningar om 1000 fr\u00f6n.<\/p>\n","protected":false},"excerpt":{"rendered":"<p>Sugar Baby \u00e4r en s\u00e4ker och v\u00e4lk\u00e4nd vattenmelonsort. Dess frukter v\u00e4ger vanligtvis minst 1 kg. Vattenmelon odlas p\u00e5 friland under tak och den rekommenderade groningstemperaturen \u00e4r 22-24 grader Celsius. Efter groningen b\u00f6r dagstemperaturen vara 20-22 grader Celsius och 15-17 grader Celsius p\u00e5 natten. Befruktningen s\u00e4kerst\u00e4lls genom handsprutning. S\u00e4ljs i f\u00f6rpackningar om 1000 fr\u00f6n.<\/p>\n","protected":false},"featured_media":8634,"template":"","meta":{"_improvement_type_select":"improve_an_existing","_thumb_yes_seoaic":false,"_frame_yes_seoaic":false,"seoaic_generate_description":"","seoaic_improve_instructions_prompt":"","seoaic_rollback_content_improvement":"","seoaic_idea_thumbnail_generator":"","thumbnail_generated":false,"thumbnail_generate_prompt":"","seoaic_article_description":""},"product_brand":[],"product_cat":[1562,1445,1446],"product_tag":[1566,1565,1563,1564],"class_list":{"0":"post-8633","1":"product","2":"type-product","3":"status-publish","4":"has-post-thumbnail","6":"product_cat-meloni","7":"product_cat-fron-och-plantor","8":"product_cat-oppna-gronsaker","9":"product_tag-garanterad-variation","10":"product_tag-liten-frukt","11":"product_tag-sugar-baby","12":"product_tag-vattenmelon","14":"first","15":"outofstock","16":"taxable","17":"shipping-taxable","18":"purchasable","19":"product-type-simple"},"_links":{"self":[{"href":"https:\/\/www.helle.fi\/sv\/wp-json\/wp\/v2\/product\/8633","targetHints":{"allow":["GET"]}}],"collection":[{"href":"https:\/\/www.helle.fi\/sv\/wp-json\/wp\/v2\/product"}],"about":[{"href":"https:\/\/www.helle.fi\/sv\/wp-json\/wp\/v2\/types\/product"}],"wp:featuredmedia":[{"embeddable":true,"href":"https:\/\/www.helle.fi\/sv\/wp-json\/wp\/v2\/media\/8634"}],"wp:attachment":[{"href":"https:\/\/www.helle.fi\/sv\/wp-json\/wp\/v2\/media?parent=8633"}],"wp:term":[{"taxonomy":"product_brand","embeddable":true,"href":"https:\/\/www.helle.fi\/sv\/wp-json\/wp\/v2\/product_brand?post=8633"},{"taxonomy":"product_cat","embeddable":true,"href":"https:\/\/www.helle.fi\/sv\/wp-json\/wp\/v2\/product_cat?post=8633"},{"taxonomy":"product_tag","embeddable":true,"href":"https:\/\/www.helle.fi\/sv\/wp-json\/wp\/v2\/product_tag?post=8633"}],"curies":[{"name":"wp","href":"https:\/\/api.w.org\/{rel}","templated":true}]}}