{"id":8631,"date":"2026-02-26T18:21:00","date_gmt":"2026-02-26T16:21:00","guid":{"rendered":"https:\/\/www.helle.fi\/tuote\/majs-sweet-nugget-f1-1000-s\/"},"modified":"2026-04-14T12:46:13","modified_gmt":"2026-04-14T09:46:13","slug":"majs-sweet-nugget-f1-1000-s","status":"publish","type":"product","link":"https:\/\/www.helle.fi\/sv\/tuote\/majs-sweet-nugget-f1-1000-s\/","title":{"rendered":"Majs Sweet Nugget F1 1000 s"},"content":{"rendered":"<p>Sweet Nugget \u00e4r en tidig och s\u00f6t sockermajs som \u00e4r s\u00e4ker att odla. Den har en h\u00f6g sockerhalt.<\/p>\n<p>Dess uts\u00e4desbehov \u00e4r 50 000 plantor\/ha. S\u00e5dd f\u00f6r f\u00f6rgrodd b\u00f6rjar i b\u00f6rjan av maj. Den maximala plantskoleperioden \u00e4r cirka 3 veckor, s\u00e5 att r\u00f6tterna inte blir f\u00f6r stora och tillv\u00e4xtstarten saktar ner efter plantering.<\/p>\n<p>S\u00e4ljs i f\u00f6rpackningar om 1000 fr\u00f6n.<\/p>\n","protected":false},"excerpt":{"rendered":"<p>Sweet Nugget \u00e4r en tidig och s\u00f6t sockermajs som \u00e4r s\u00e4ker att odla. Den har en h\u00f6g sockerhalt. Dess uts\u00e4desbehov \u00e4r 50 000 plantor\/ha. S\u00e5dd f\u00f6r f\u00f6rgrodd b\u00f6rjar i b\u00f6rjan av maj. Den maximala plantskoleperioden \u00e4r cirka 3 veckor, s\u00e5 att r\u00f6tterna inte blir f\u00f6r stora och tillv\u00e4xtstarten saktar ner efter plantering. S\u00e4ljs i f\u00f6rpackningar [&hellip;]<\/p>\n","protected":false},"featured_media":8632,"template":"","meta":{"_improvement_type_select":"improve_an_existing","_thumb_yes_seoaic":false,"_frame_yes_seoaic":false,"seoaic_generate_description":"","seoaic_improve_instructions_prompt":"","seoaic_rollback_content_improvement":"","seoaic_idea_thumbnail_generator":"","thumbnail_generated":false,"thumbnail_generate_prompt":"","seoaic_article_description":""},"product_brand":[],"product_cat":[1457,1445,1446],"product_tag":[1561,1458,1504,1560,1460],"class_list":{"0":"post-8631","1":"product","2":"type-product","3":"status-publish","4":"has-post-thumbnail","6":"product_cat-majs","7":"product_cat-fron-och-plantor","8":"product_cat-oppna-gronsaker","9":"product_tag-hog-sockerhalt","10":"product_tag-majs","11":"product_tag-makea","12":"product_tag-sot-nugget","13":"product_tag-tidigt","15":"first","16":"instock","17":"taxable","18":"shipping-taxable","19":"purchasable","20":"product-type-simple"},"_links":{"self":[{"href":"https:\/\/www.helle.fi\/sv\/wp-json\/wp\/v2\/product\/8631","targetHints":{"allow":["GET"]}}],"collection":[{"href":"https:\/\/www.helle.fi\/sv\/wp-json\/wp\/v2\/product"}],"about":[{"href":"https:\/\/www.helle.fi\/sv\/wp-json\/wp\/v2\/types\/product"}],"wp:featuredmedia":[{"embeddable":true,"href":"https:\/\/www.helle.fi\/sv\/wp-json\/wp\/v2\/media\/8632"}],"wp:attachment":[{"href":"https:\/\/www.helle.fi\/sv\/wp-json\/wp\/v2\/media?parent=8631"}],"wp:term":[{"taxonomy":"product_brand","embeddable":true,"href":"https:\/\/www.helle.fi\/sv\/wp-json\/wp\/v2\/product_brand?post=8631"},{"taxonomy":"product_cat","embeddable":true,"href":"https:\/\/www.helle.fi\/sv\/wp-json\/wp\/v2\/product_cat?post=8631"},{"taxonomy":"product_tag","embeddable":true,"href":"https:\/\/www.helle.fi\/sv\/wp-json\/wp\/v2\/product_tag?post=8631"}],"curies":[{"name":"wp","href":"https:\/\/api.w.org\/{rel}","templated":true}]}}