{"id":8628,"date":"2026-02-25T11:42:41","date_gmt":"2026-02-25T09:42:41","guid":{"rendered":"https:\/\/www.helle.fi\/tuote\/multileaf-sallad-rubyglace-1000-piller\/"},"modified":"2026-02-25T11:42:41","modified_gmt":"2026-02-25T09:42:41","slug":"multileaf-sallad-rubyglace-1000-piller","status":"publish","type":"product","link":"https:\/\/www.helle.fi\/sv\/tuote\/multileaf-sallad-rubyglace-1000-piller\/","title":{"rendered":"Multileaf sallad Rubyglace 1000 piller."},"content":{"rendered":"<p>Flerbladssallat Rubyglace \u00e4r en friskbladig sort med r\u00f6d f\u00e4rg p\u00e5 de yttre bladen och bladkanterna.<\/p>\n<p>Den inre delen \u00e4r ljusgr\u00f6n.<\/p>\n<p>Den f\u00e4rgar \u00e4ven bra i h\u00f6st- och vinterodling.<\/p>\n<p>Sorten k\u00e4nnetecknas av sina flexibla och starka blad.<\/p>\n<p>S\u00e4ljs i f\u00f6rpackningar med 1000 piller.<\/p>\n","protected":false},"excerpt":{"rendered":"<p>Flerbladssallat Rubyglace \u00e4r en friskbladig sort med r\u00f6d f\u00e4rg p\u00e5 de yttre bladen och bladkanterna. Den inre delen \u00e4r ljusgr\u00f6n. Den f\u00e4rgar \u00e4ven bra i h\u00f6st- och vinterodling. Sorten k\u00e4nnetecknas av sina flexibla och starka blad. S\u00e4ljs i f\u00f6rpackningar med 1000 piller.<\/p>\n","protected":false},"featured_media":8629,"template":"","meta":{"_improvement_type_select":"improve_an_existing","_thumb_yes_seoaic":false,"_frame_yes_seoaic":false,"seoaic_generate_description":"","seoaic_improve_instructions_prompt":"","seoaic_rollback_content_improvement":"","seoaic_idea_thumbnail_generator":"","thumbnail_generated":false,"thumbnail_generate_prompt":"","seoaic_article_description":""},"product_brand":[],"product_cat":[1547,1445,1541],"product_tag":[1557,1559,1558,1556],"class_list":{"0":"post-8628","1":"product","2":"type-product","3":"status-publish","4":"has-post-thumbnail","6":"product_cat-sallader","7":"product_cat-fron-och-plantor","8":"product_cat-sallader-och-orter","9":"product_tag-flerbladig","10":"product_tag-rod-gron","11":"product_tag-rubyglace","12":"product_tag-sallad","14":"first","15":"instock","16":"taxable","17":"shipping-taxable","18":"purchasable","19":"product-type-simple"},"_links":{"self":[{"href":"https:\/\/www.helle.fi\/sv\/wp-json\/wp\/v2\/product\/8628","targetHints":{"allow":["GET"]}}],"collection":[{"href":"https:\/\/www.helle.fi\/sv\/wp-json\/wp\/v2\/product"}],"about":[{"href":"https:\/\/www.helle.fi\/sv\/wp-json\/wp\/v2\/types\/product"}],"wp:featuredmedia":[{"embeddable":true,"href":"https:\/\/www.helle.fi\/sv\/wp-json\/wp\/v2\/media\/8629"}],"wp:attachment":[{"href":"https:\/\/www.helle.fi\/sv\/wp-json\/wp\/v2\/media?parent=8628"}],"wp:term":[{"taxonomy":"product_brand","embeddable":true,"href":"https:\/\/www.helle.fi\/sv\/wp-json\/wp\/v2\/product_brand?post=8628"},{"taxonomy":"product_cat","embeddable":true,"href":"https:\/\/www.helle.fi\/sv\/wp-json\/wp\/v2\/product_cat?post=8628"},{"taxonomy":"product_tag","embeddable":true,"href":"https:\/\/www.helle.fi\/sv\/wp-json\/wp\/v2\/product_tag?post=8628"}],"curies":[{"name":"wp","href":"https:\/\/api.w.org\/{rel}","templated":true}]}}