{"id":8626,"date":"2026-02-26T18:21:18","date_gmt":"2026-02-26T16:21:18","guid":{"rendered":"https:\/\/www.helle.fi\/tuote\/doftarter-mammoth-mix\/"},"modified":"2026-02-26T18:21:18","modified_gmt":"2026-02-26T16:21:18","slug":"doftarter-mammoth-mix","status":"publish","type":"product","link":"https:\/\/www.helle.fi\/sv\/tuote\/doftarter-mammoth-mix\/","title":{"rendered":"Doft\u00e4rter Mammoth Mix"},"content":{"rendered":"<p>Mammoth Mix \u00e4r en j\u00e4ttelikt blommande leksaksset.<\/p>\n<p>Mammoth blir ca 130 cm l\u00e5ng.<\/p>\n<p>S\u00e4ljs i 50 grams f\u00f6rpackningar.<\/p>\n","protected":false},"excerpt":{"rendered":"<p>Mammoth Mix \u00e4r en j\u00e4ttelikt blommande leksaksset. Mammoth blir ca 130 cm l\u00e5ng. S\u00e4ljs i 50 grams f\u00f6rpackningar.<\/p>\n","protected":false},"featured_media":8627,"template":"","meta":{"_improvement_type_select":"improve_an_existing","_thumb_yes_seoaic":false,"_frame_yes_seoaic":false,"seoaic_generate_description":"","seoaic_improve_instructions_prompt":"","seoaic_rollback_content_improvement":"","seoaic_idea_thumbnail_generator":"","thumbnail_generated":false,"thumbnail_generate_prompt":"","seoaic_article_description":""},"product_brand":[],"product_cat":[1485,1445],"product_tag":[1555,1553,1554,1552],"class_list":{"0":"post-8626","1":"product","2":"type-product","3":"status-publish","4":"has-post-thumbnail","6":"product_cat-blommor-och-prydnadsvaxter","7":"product_cat-fron-och-plantor","8":"product_tag-clipart","9":"product_tag-doftande-arta","10":"product_tag-jatteblomma","11":"product_tag-mammoth-mix","13":"first","14":"instock","15":"taxable","16":"shipping-taxable","17":"purchasable","18":"product-type-simple"},"_links":{"self":[{"href":"https:\/\/www.helle.fi\/sv\/wp-json\/wp\/v2\/product\/8626","targetHints":{"allow":["GET"]}}],"collection":[{"href":"https:\/\/www.helle.fi\/sv\/wp-json\/wp\/v2\/product"}],"about":[{"href":"https:\/\/www.helle.fi\/sv\/wp-json\/wp\/v2\/types\/product"}],"wp:featuredmedia":[{"embeddable":true,"href":"https:\/\/www.helle.fi\/sv\/wp-json\/wp\/v2\/media\/8627"}],"wp:attachment":[{"href":"https:\/\/www.helle.fi\/sv\/wp-json\/wp\/v2\/media?parent=8626"}],"wp:term":[{"taxonomy":"product_brand","embeddable":true,"href":"https:\/\/www.helle.fi\/sv\/wp-json\/wp\/v2\/product_brand?post=8626"},{"taxonomy":"product_cat","embeddable":true,"href":"https:\/\/www.helle.fi\/sv\/wp-json\/wp\/v2\/product_cat?post=8626"},{"taxonomy":"product_tag","embeddable":true,"href":"https:\/\/www.helle.fi\/sv\/wp-json\/wp\/v2\/product_tag?post=8626"}],"curies":[{"name":"wp","href":"https:\/\/api.w.org\/{rel}","templated":true}]}}