{"id":8625,"date":"2026-02-26T18:21:14","date_gmt":"2026-02-26T16:21:14","guid":{"rendered":"https:\/\/www.helle.fi\/tuote\/frilandsgurka-monolit-1000-p\/"},"modified":"2026-02-26T18:21:14","modified_gmt":"2026-02-26T16:21:14","slug":"frilandsgurka-monolit-1000-p","status":"publish","type":"product","link":"https:\/\/www.helle.fi\/sv\/tuote\/frilandsgurka-monolit-1000-p\/","title":{"rendered":"Frilandsgurka Monolit 1000 p."},"content":{"rendered":"<p>Monolit \u00e4r en mycket h\u00f6gavkastande och enhetlig sort, s\u00e4rskilt l\u00e4mplig f\u00f6r f\u00e4rskvarumarknaden.<\/p>\n<p>Frukterna \u00e4r n\u00e5got m\u00f6rkare och l\u00e4ngre \u00e4n andra sorter.<\/p>\n<p>S\u00e4ljs i f\u00f6rpackningar med 1000 fr\u00f6n.<\/p>\n","protected":false},"excerpt":{"rendered":"<p>Monolit \u00e4r en mycket h\u00f6gavkastande och enhetlig sort, s\u00e4rskilt l\u00e4mplig f\u00f6r f\u00e4rskvarumarknaden. Frukterna \u00e4r n\u00e5got m\u00f6rkare och l\u00e4ngre \u00e4n andra sorter. S\u00e4ljs i f\u00f6rpackningar med 1000 fr\u00f6n.<\/p>\n","protected":false},"featured_media":8861,"template":"","meta":{"_improvement_type_select":"improve_an_existing","_thumb_yes_seoaic":false,"_frame_yes_seoaic":false,"seoaic_generate_description":"","seoaic_improve_instructions_prompt":"","seoaic_rollback_content_improvement":"","seoaic_idea_thumbnail_generator":"","thumbnail_generated":false,"thumbnail_generate_prompt":"","seoaic_article_description":""},"product_brand":[],"product_cat":[1447,1445,1446,1521],"product_tag":[1550,1448,1551,1525],"class_list":{"0":"post-8625","1":"product","2":"type-product","3":"status-publish","4":"has-post-thumbnail","6":"product_cat-oppna-gurka","7":"product_cat-fron-och-plantor","8":"product_cat-oppna-gronsaker","9":"product_cat-ovriga-produkter","10":"product_tag-monolit","11":"product_tag-oppen-kran","12":"product_tag-oppna-gronsaker-2","13":"product_tag-satoisa","15":"first","16":"instock","17":"taxable","18":"shipping-taxable","19":"purchasable","20":"product-type-simple"},"_links":{"self":[{"href":"https:\/\/www.helle.fi\/sv\/wp-json\/wp\/v2\/product\/8625","targetHints":{"allow":["GET"]}}],"collection":[{"href":"https:\/\/www.helle.fi\/sv\/wp-json\/wp\/v2\/product"}],"about":[{"href":"https:\/\/www.helle.fi\/sv\/wp-json\/wp\/v2\/types\/product"}],"wp:featuredmedia":[{"embeddable":true,"href":"https:\/\/www.helle.fi\/sv\/wp-json\/wp\/v2\/media\/8861"}],"wp:attachment":[{"href":"https:\/\/www.helle.fi\/sv\/wp-json\/wp\/v2\/media?parent=8625"}],"wp:term":[{"taxonomy":"product_brand","embeddable":true,"href":"https:\/\/www.helle.fi\/sv\/wp-json\/wp\/v2\/product_brand?post=8625"},{"taxonomy":"product_cat","embeddable":true,"href":"https:\/\/www.helle.fi\/sv\/wp-json\/wp\/v2\/product_cat?post=8625"},{"taxonomy":"product_tag","embeddable":true,"href":"https:\/\/www.helle.fi\/sv\/wp-json\/wp\/v2\/product_tag?post=8625"}],"curies":[{"name":"wp","href":"https:\/\/api.w.org\/{rel}","templated":true}]}}