{"id":8622,"date":"2026-02-25T11:43:10","date_gmt":"2026-02-25T09:43:10","guid":{"rendered":"https:\/\/www.helle.fi\/tuote\/romaine-sallad-cobain-1000-piller\/"},"modified":"2026-02-25T11:43:10","modified_gmt":"2026-02-25T09:43:10","slug":"romaine-sallad-cobain-1000-piller","status":"publish","type":"product","link":"https:\/\/www.helle.fi\/sv\/tuote\/romaine-sallad-cobain-1000-piller\/","title":{"rendered":"Romaine sallad Cobain 1000 piller."},"content":{"rendered":"<p>Romansallat Cobain \u00e4r en m\u00f6rkgr\u00f6n, kompakt romansallat med triangul\u00e4ra blad.<\/p>\n<p>Sorten k\u00e4nnetecknas av snabb tillv\u00e4xtpotential och en bred, stark bas som \u00e4r motst\u00e5ndskraftig mot hantering.<\/p>\n<p>L\u00e4mplig f\u00f6r s\u00e5dd med en eller flera fr\u00f6n, krukodlad eller klippt.<\/p>\n<p>S\u00e4ljs i f\u00f6rpackningar om 1000 str\u00e5n.<\/p>\n","protected":false},"excerpt":{"rendered":"<p>Romansallat Cobain \u00e4r en m\u00f6rkgr\u00f6n, kompakt romansallat med triangul\u00e4ra blad. Sorten k\u00e4nnetecknas av snabb tillv\u00e4xtpotential och en bred, stark bas som \u00e4r motst\u00e5ndskraftig mot hantering. L\u00e4mplig f\u00f6r s\u00e5dd med en eller flera fr\u00f6n, krukodlad eller klippt. S\u00e4ljs i f\u00f6rpackningar om 1000 str\u00e5n.<\/p>\n","protected":false},"featured_media":8623,"template":"","meta":{"_improvement_type_select":"improve_an_existing","_thumb_yes_seoaic":false,"_frame_yes_seoaic":false,"seoaic_generate_description":"","seoaic_improve_instructions_prompt":"","seoaic_rollback_content_improvement":"","seoaic_idea_thumbnail_generator":"","thumbnail_generated":false,"thumbnail_generate_prompt":"","seoaic_article_description":""},"product_brand":[],"product_cat":[1547,1445,1541],"product_tag":[1549,1486,1548],"class_list":{"0":"post-8622","1":"product","2":"type-product","3":"status-publish","4":"has-post-thumbnail","6":"product_cat-sallader","7":"product_cat-fron-och-plantor","8":"product_cat-sallader-och-orter","9":"product_tag-cobain","10":"product_tag-kompakt","11":"product_tag-romansallad","13":"first","14":"instock","15":"taxable","16":"shipping-taxable","17":"purchasable","18":"product-type-simple"},"_links":{"self":[{"href":"https:\/\/www.helle.fi\/sv\/wp-json\/wp\/v2\/product\/8622","targetHints":{"allow":["GET"]}}],"collection":[{"href":"https:\/\/www.helle.fi\/sv\/wp-json\/wp\/v2\/product"}],"about":[{"href":"https:\/\/www.helle.fi\/sv\/wp-json\/wp\/v2\/types\/product"}],"wp:featuredmedia":[{"embeddable":true,"href":"https:\/\/www.helle.fi\/sv\/wp-json\/wp\/v2\/media\/8623"}],"wp:attachment":[{"href":"https:\/\/www.helle.fi\/sv\/wp-json\/wp\/v2\/media?parent=8622"}],"wp:term":[{"taxonomy":"product_brand","embeddable":true,"href":"https:\/\/www.helle.fi\/sv\/wp-json\/wp\/v2\/product_brand?post=8622"},{"taxonomy":"product_cat","embeddable":true,"href":"https:\/\/www.helle.fi\/sv\/wp-json\/wp\/v2\/product_cat?post=8622"},{"taxonomy":"product_tag","embeddable":true,"href":"https:\/\/www.helle.fi\/sv\/wp-json\/wp\/v2\/product_tag?post=8622"}],"curies":[{"name":"wp","href":"https:\/\/api.w.org\/{rel}","templated":true}]}}