{"id":8616,"date":"2026-02-25T11:42:48","date_gmt":"2026-02-25T09:42:48","guid":{"rendered":"https:\/\/www.helle.fi\/tuote\/raket-50-g\/"},"modified":"2026-02-25T11:42:48","modified_gmt":"2026-02-25T09:42:48","slug":"raket-50-g","status":"publish","type":"product","link":"https:\/\/www.helle.fi\/sv\/tuote\/raket-50-g\/","title":{"rendered":"Raket 50 g"},"content":{"rendered":"<p>Rucola \u00e4r en snabbv\u00e4xande bladgr\u00f6nsak som l\u00e4mpar sig f\u00f6r v\u00e4xthusodling och som \u00e4r perfekt som tillbeh\u00f6r i t.ex. sallader. <\/p>\n<p>Den har mjuka blad och en milt syrlig smak.<\/p>\n<p>L\u00e4mplig f\u00f6r f\u00f6rs\u00e4ljning b\u00e5de klippt och krukodlad.<\/p>\n<p>S\u00e4ljs i f\u00f6rpackningar om 50 g.<\/p>\n","protected":false},"excerpt":{"rendered":"<p>Rucola \u00e4r en snabbv\u00e4xande bladgr\u00f6nsak som l\u00e4mpar sig f\u00f6r v\u00e4xthusodling och som \u00e4r perfekt som tillbeh\u00f6r i t.ex. sallader. Den har mjuka blad och en milt syrlig smak. L\u00e4mplig f\u00f6r f\u00f6rs\u00e4ljning b\u00e5de klippt och krukodlad. S\u00e4ljs i f\u00f6rpackningar om 50 g.<\/p>\n","protected":false},"featured_media":8621,"template":"","meta":{"_improvement_type_select":"improve_an_existing","_thumb_yes_seoaic":false,"_frame_yes_seoaic":false,"seoaic_generate_description":"","seoaic_improve_instructions_prompt":"","seoaic_rollback_content_improvement":"","seoaic_idea_thumbnail_generator":"","thumbnail_generated":false,"thumbnail_generate_prompt":"","seoaic_article_description":""},"product_brand":[],"product_cat":[1542,1445,1541],"product_tag":[1544,1545,1546,1543],"class_list":{"0":"post-8616","1":"product","2":"type-product","3":"status-publish","4":"has-post-thumbnail","6":"product_cat-orter","7":"product_cat-fron-och-plantor","8":"product_cat-sallader-och-orter","9":"product_tag-bladverk","10":"product_tag-milt-syrlig","11":"product_tag-mjuka-kronblad","12":"product_tag-rukola","14":"first","15":"instock","16":"taxable","17":"shipping-taxable","18":"purchasable","19":"product-type-simple"},"_links":{"self":[{"href":"https:\/\/www.helle.fi\/sv\/wp-json\/wp\/v2\/product\/8616","targetHints":{"allow":["GET"]}}],"collection":[{"href":"https:\/\/www.helle.fi\/sv\/wp-json\/wp\/v2\/product"}],"about":[{"href":"https:\/\/www.helle.fi\/sv\/wp-json\/wp\/v2\/types\/product"}],"wp:featuredmedia":[{"embeddable":true,"href":"https:\/\/www.helle.fi\/sv\/wp-json\/wp\/v2\/media\/8621"}],"wp:attachment":[{"href":"https:\/\/www.helle.fi\/sv\/wp-json\/wp\/v2\/media?parent=8616"}],"wp:term":[{"taxonomy":"product_brand","embeddable":true,"href":"https:\/\/www.helle.fi\/sv\/wp-json\/wp\/v2\/product_brand?post=8616"},{"taxonomy":"product_cat","embeddable":true,"href":"https:\/\/www.helle.fi\/sv\/wp-json\/wp\/v2\/product_cat?post=8616"},{"taxonomy":"product_tag","embeddable":true,"href":"https:\/\/www.helle.fi\/sv\/wp-json\/wp\/v2\/product_tag?post=8616"}],"curies":[{"name":"wp","href":"https:\/\/api.w.org\/{rel}","templated":true}]}}