{"id":8615,"date":"2026-02-26T18:21:21","date_gmt":"2026-02-26T16:21:21","guid":{"rendered":"https:\/\/www.helle.fi\/tuote\/zucchini-partenon-f1\/"},"modified":"2026-02-26T18:21:21","modified_gmt":"2026-02-26T16:21:21","slug":"zucchini-partenon-f1","status":"publish","type":"product","link":"https:\/\/www.helle.fi\/sv\/tuote\/zucchini-partenon-f1\/","title":{"rendered":"Zucchini Partenon F1"},"content":{"rendered":"<p>Den mest odlade zucchinisorten i Finland!<\/p>\n<p>Courgette Partenon \u00e4r en partenokarpisk sort med gl\u00e4nsande, m\u00f6rkgr\u00f6na, cylindriska frukter.<\/p>\n<p>Det \u00e4r en mycket h\u00f6gavkastande, medeltidig sort som kan odlas under hela v\u00e4xts\u00e4songen.<\/p>\n<p>Courgetter \u00e4r l\u00e4tta att odla. Dess planteringsavst\u00e5nd \u00e4r 1 x 0,8 och den rekommenderade groningstemperaturen \u00e4r 22-24 grader. Efter groning b\u00f6r dagstemperaturen vara 20-22 grader Celsius och 15-17 grader Celsius p\u00e5 natten. Vegetationsperioden \u00e4r kort, bara cirka tre veckor.    <\/p>\n<p>S\u00e4ljs i f\u00f6rpackningar om 100 och 1000 fr\u00f6n.<\/p>\n<p>Oskyddad fr\u00f6.<\/p>\n","protected":false},"excerpt":{"rendered":"<p>Den mest odlade zucchinisorten i Finland! Courgette Partenon \u00e4r en partenokarpisk sort med gl\u00e4nsande, m\u00f6rkgr\u00f6na, cylindriska frukter. Det \u00e4r en mycket h\u00f6gavkastande, medeltidig sort som kan odlas under hela v\u00e4xts\u00e4songen. Courgetter \u00e4r l\u00e4tta att odla. Dess planteringsavst\u00e5nd \u00e4r 1 x 0,8 och den rekommenderade groningstemperaturen \u00e4r 22-24 grader. Efter groning b\u00f6r dagstemperaturen vara 20-22 grader [&hellip;]<\/p>\n","protected":false},"featured_media":8618,"template":"","meta":{"_improvement_type_select":"improve_an_existing","_thumb_yes_seoaic":false,"_frame_yes_seoaic":false,"seoaic_generate_description":"","seoaic_improve_instructions_prompt":"","seoaic_rollback_content_improvement":"","seoaic_idea_thumbnail_generator":"","thumbnail_generated":false,"thumbnail_generate_prompt":"","seoaic_article_description":""},"product_brand":[],"product_cat":[1507,1445,1446],"product_tag":[1508,1540,1539,1525,1509],"class_list":{"0":"post-8615","1":"product","2":"type-product","3":"status-publish","4":"has-post-thumbnail","6":"product_cat-courgette","7":"product_cat-fron-och-plantor","8":"product_cat-oppna-gronsaker","9":"product_tag-courgette","10":"product_tag-medium","11":"product_tag-partenon","12":"product_tag-satoisa","13":"product_tag-sort-courgette","15":"first","16":"outofstock","17":"taxable","18":"shipping-taxable","19":"purchasable","20":"product-type-variable"},"_links":{"self":[{"href":"https:\/\/www.helle.fi\/sv\/wp-json\/wp\/v2\/product\/8615","targetHints":{"allow":["GET"]}}],"collection":[{"href":"https:\/\/www.helle.fi\/sv\/wp-json\/wp\/v2\/product"}],"about":[{"href":"https:\/\/www.helle.fi\/sv\/wp-json\/wp\/v2\/types\/product"}],"wp:featuredmedia":[{"embeddable":true,"href":"https:\/\/www.helle.fi\/sv\/wp-json\/wp\/v2\/media\/8618"}],"wp:attachment":[{"href":"https:\/\/www.helle.fi\/sv\/wp-json\/wp\/v2\/media?parent=8615"}],"wp:term":[{"taxonomy":"product_brand","embeddable":true,"href":"https:\/\/www.helle.fi\/sv\/wp-json\/wp\/v2\/product_brand?post=8615"},{"taxonomy":"product_cat","embeddable":true,"href":"https:\/\/www.helle.fi\/sv\/wp-json\/wp\/v2\/product_cat?post=8615"},{"taxonomy":"product_tag","embeddable":true,"href":"https:\/\/www.helle.fi\/sv\/wp-json\/wp\/v2\/product_tag?post=8615"}],"curies":[{"name":"wp","href":"https:\/\/api.w.org\/{rel}","templated":true}]}}