{"id":8613,"date":"2026-02-26T18:21:20","date_gmt":"2026-02-26T16:21:20","guid":{"rendered":"https:\/\/www.helle.fi\/tuote\/kal-monroo\/"},"modified":"2026-02-26T18:21:20","modified_gmt":"2026-02-26T16:21:20","slug":"kal-monroo","status":"publish","type":"product","link":"https:\/\/www.helle.fi\/sv\/tuote\/kal-monroo\/","title":{"rendered":"K\u00e5l Monroo"},"content":{"rendered":"<p>Monroe \u00e4r en liten, sf\u00e4risk, rund, m\u00f6rkgr\u00f6n k\u00e5l som h\u00e5ller sig bra i f\u00e4lt.<\/p>\n<p>F\u00f6r produktion av k\u00e5lplantor rekommenderas en f\u00f6rgrovningsperiod p\u00e5 4-5 veckor. Groningstemperaturen f\u00f6r huvudk\u00e5l b\u00f6r vara 18-22 grader Celsius. Efter groning b\u00f6r odlingstemperaturen vara 16-18 grader Celsius.  <\/p>\n<p>Uts\u00e4desbehovet f\u00f6r tidiga sorter \u00e4r ca 60 000 plantor\/ha och f\u00f6r sena sorter ca 40 000-55 000 plantor\/ha.<\/p>\n<p>S\u00e4ljs i f\u00f6rpackningar med 2500 fr\u00f6n.<\/p>\n","protected":false},"excerpt":{"rendered":"<p>Monroe \u00e4r en liten, sf\u00e4risk, rund, m\u00f6rkgr\u00f6n k\u00e5l som h\u00e5ller sig bra i f\u00e4lt. F\u00f6r produktion av k\u00e5lplantor rekommenderas en f\u00f6rgrovningsperiod p\u00e5 4-5 veckor. Groningstemperaturen f\u00f6r huvudk\u00e5l b\u00f6r vara 18-22 grader Celsius. Efter groning b\u00f6r odlingstemperaturen vara 16-18 grader Celsius. Uts\u00e4desbehovet f\u00f6r tidiga sorter \u00e4r ca 60 000 plantor\/ha och f\u00f6r sena sorter ca 40 [&hellip;]<\/p>\n","protected":false},"featured_media":8614,"template":"","meta":{"_improvement_type_select":"improve_an_existing","_thumb_yes_seoaic":false,"_frame_yes_seoaic":false,"seoaic_generate_description":"","seoaic_improve_instructions_prompt":"","seoaic_rollback_content_improvement":"","seoaic_idea_thumbnail_generator":"","thumbnail_generated":false,"thumbnail_generate_prompt":"","seoaic_article_description":""},"product_brand":[],"product_cat":[1462,1445,1446],"product_tag":[1537,1534,1538,1535,1536],"class_list":{"0":"post-8613","1":"product","2":"type-product","3":"status-publish","4":"has-post-thumbnail","6":"product_cat-kal","7":"product_cat-fron-och-plantor","8":"product_cat-oppna-gronsaker","9":"product_tag-god-hallbarhet-pa-faltet","10":"product_tag-kal","11":"product_tag-monroo","12":"product_tag-morkgron","13":"product_tag-smaskalig","15":"first","16":"instock","17":"taxable","18":"shipping-taxable","19":"purchasable","20":"product-type-simple"},"_links":{"self":[{"href":"https:\/\/www.helle.fi\/sv\/wp-json\/wp\/v2\/product\/8613","targetHints":{"allow":["GET"]}}],"collection":[{"href":"https:\/\/www.helle.fi\/sv\/wp-json\/wp\/v2\/product"}],"about":[{"href":"https:\/\/www.helle.fi\/sv\/wp-json\/wp\/v2\/types\/product"}],"wp:featuredmedia":[{"embeddable":true,"href":"https:\/\/www.helle.fi\/sv\/wp-json\/wp\/v2\/media\/8614"}],"wp:attachment":[{"href":"https:\/\/www.helle.fi\/sv\/wp-json\/wp\/v2\/media?parent=8613"}],"wp:term":[{"taxonomy":"product_brand","embeddable":true,"href":"https:\/\/www.helle.fi\/sv\/wp-json\/wp\/v2\/product_brand?post=8613"},{"taxonomy":"product_cat","embeddable":true,"href":"https:\/\/www.helle.fi\/sv\/wp-json\/wp\/v2\/product_cat?post=8613"},{"taxonomy":"product_tag","embeddable":true,"href":"https:\/\/www.helle.fi\/sv\/wp-json\/wp\/v2\/product_tag?post=8613"}],"curies":[{"name":"wp","href":"https:\/\/api.w.org\/{rel}","templated":true}]}}