{"id":8609,"date":"2026-02-26T18:21:13","date_gmt":"2026-02-26T16:21:13","guid":{"rendered":"https:\/\/www.helle.fi\/tuote\/utomhuskran-proscore-1000-s\/"},"modified":"2026-02-26T18:21:13","modified_gmt":"2026-02-26T16:21:13","slug":"utomhuskran-proscore-1000-s","status":"publish","type":"product","link":"https:\/\/www.helle.fi\/sv\/tuote\/utomhuskran-proscore-1000-s\/","title":{"rendered":"Utomhuskran Proscore 1000 s."},"content":{"rendered":"<p>Proscore \u00e4r en h\u00f6gavkastande och halvdv\u00e4rg sort.<\/p>\n<p>Den har stark motst\u00e5ndskraft mot antraknos och medelh\u00f6g motst\u00e5ndskraft mot gurkmosaikvirus och Cladosporium spot.<\/p>\n<p>Fruktens struktur \u00e4r utm\u00e4rkt f\u00f6r konservering och f\u00e4rskmarknad. Proscore har en utm\u00e4rkt smak. <\/p>\n<p>S\u00e4ljs i f\u00f6rpackningar om 1000 fr\u00f6n.<\/p>\n","protected":false},"excerpt":{"rendered":"<p>Proscore \u00e4r en h\u00f6gavkastande och halvdv\u00e4rg sort. Den har stark motst\u00e5ndskraft mot antraknos och medelh\u00f6g motst\u00e5ndskraft mot gurkmosaikvirus och Cladosporium spot. Fruktens struktur \u00e4r utm\u00e4rkt f\u00f6r konservering och f\u00e4rskmarknad. Proscore har en utm\u00e4rkt smak. S\u00e4ljs i f\u00f6rpackningar om 1000 fr\u00f6n.<\/p>\n","protected":false},"featured_media":8610,"template":"","meta":{"_improvement_type_select":"improve_an_existing","_thumb_yes_seoaic":false,"_frame_yes_seoaic":false,"seoaic_generate_description":"","seoaic_improve_instructions_prompt":"","seoaic_rollback_content_improvement":"","seoaic_idea_thumbnail_generator":"","thumbnail_generated":false,"thumbnail_generate_prompt":"","seoaic_article_description":""},"product_brand":[],"product_cat":[1447,1445,1446],"product_tag":[1529,1527,1528,1448,1530,1526,1525],"class_list":{"0":"post-8609","1":"product","2":"type-product","3":"status-publish","4":"has-post-thumbnail","6":"product_cat-oppna-gurka","7":"product_cat-fron-och-plantor","8":"product_cat-oppna-gronsaker","9":"product_tag-bevarande","10":"product_tag-halvspikig","11":"product_tag-marknad-for-farskvaror","12":"product_tag-oppen-kran","13":"product_tag-oppna-gronsaker","14":"product_tag-proscore","15":"product_tag-satoisa","17":"first","18":"instock","19":"taxable","20":"shipping-taxable","21":"purchasable","22":"product-type-simple"},"_links":{"self":[{"href":"https:\/\/www.helle.fi\/sv\/wp-json\/wp\/v2\/product\/8609","targetHints":{"allow":["GET"]}}],"collection":[{"href":"https:\/\/www.helle.fi\/sv\/wp-json\/wp\/v2\/product"}],"about":[{"href":"https:\/\/www.helle.fi\/sv\/wp-json\/wp\/v2\/types\/product"}],"wp:featuredmedia":[{"embeddable":true,"href":"https:\/\/www.helle.fi\/sv\/wp-json\/wp\/v2\/media\/8610"}],"wp:attachment":[{"href":"https:\/\/www.helle.fi\/sv\/wp-json\/wp\/v2\/media?parent=8609"}],"wp:term":[{"taxonomy":"product_brand","embeddable":true,"href":"https:\/\/www.helle.fi\/sv\/wp-json\/wp\/v2\/product_brand?post=8609"},{"taxonomy":"product_cat","embeddable":true,"href":"https:\/\/www.helle.fi\/sv\/wp-json\/wp\/v2\/product_cat?post=8609"},{"taxonomy":"product_tag","embeddable":true,"href":"https:\/\/www.helle.fi\/sv\/wp-json\/wp\/v2\/product_tag?post=8609"}],"curies":[{"name":"wp","href":"https:\/\/api.w.org\/{rel}","templated":true}]}}