{"id":8608,"date":"2026-02-26T18:21:06","date_gmt":"2026-02-26T16:21:06","guid":{"rendered":"https:\/\/www.helle.fi\/tuote\/broccoli-aquiles-f1-1000-s-arter\/"},"modified":"2026-02-26T18:21:06","modified_gmt":"2026-02-26T16:21:06","slug":"broccoli-aquiles-f1-1000-s-arter","status":"publish","type":"product","link":"https:\/\/www.helle.fi\/sv\/tuote\/broccoli-aquiles-f1-1000-s-arter\/","title":{"rendered":"Broccoli Aquiles F1 1000 s. arter."},"content":{"rendered":"<p>Aquiles \u00e4r en snabbv\u00e4xande sort med en tillv\u00e4xtperiod p\u00e5 ca 65 dagar. Den l\u00e4mpar sig f\u00f6r odling b\u00e5de p\u00e5 v\u00e5ren och h\u00f6sten. <\/p>\n<p>Blomst\u00e4llningen \u00e4r kompakt, rund och m\u00f6rkgr\u00f6n. Aquiles \u00e4r inte ben\u00e4gen att bli ih\u00e5lig. <\/p>\n","protected":false},"excerpt":{"rendered":"<p>Aquiles \u00e4r en snabbv\u00e4xande sort med en tillv\u00e4xtperiod p\u00e5 ca 65 dagar. Den l\u00e4mpar sig f\u00f6r odling b\u00e5de p\u00e5 v\u00e5ren och h\u00f6sten. Blomst\u00e4llningen \u00e4r kompakt, rund och m\u00f6rkgr\u00f6n. Aquiles \u00e4r inte ben\u00e4gen att bli ih\u00e5lig.<\/p>\n","protected":false},"featured_media":8854,"template":"","meta":{"_improvement_type_select":"improve_an_existing","_thumb_yes_seoaic":false,"_frame_yes_seoaic":false,"seoaic_generate_description":"","seoaic_improve_instructions_prompt":"","seoaic_rollback_content_improvement":"","seoaic_idea_thumbnail_generator":"","thumbnail_generated":false,"thumbnail_generate_prompt":"","seoaic_article_description":""},"product_brand":[],"product_cat":[1462,1445,1446],"product_tag":[1535,1575],"class_list":{"0":"post-8608","1":"product","2":"type-product","3":"status-publish","4":"has-post-thumbnail","6":"product_cat-kal","7":"product_cat-fron-och-plantor","8":"product_cat-oppna-gronsaker","9":"product_tag-morkgron","10":"product_tag-snabbvaxande","12":"first","13":"outofstock","14":"taxable","15":"shipping-taxable","16":"purchasable","17":"product-type-simple"},"_links":{"self":[{"href":"https:\/\/www.helle.fi\/sv\/wp-json\/wp\/v2\/product\/8608","targetHints":{"allow":["GET"]}}],"collection":[{"href":"https:\/\/www.helle.fi\/sv\/wp-json\/wp\/v2\/product"}],"about":[{"href":"https:\/\/www.helle.fi\/sv\/wp-json\/wp\/v2\/types\/product"}],"wp:featuredmedia":[{"embeddable":true,"href":"https:\/\/www.helle.fi\/sv\/wp-json\/wp\/v2\/media\/8854"}],"wp:attachment":[{"href":"https:\/\/www.helle.fi\/sv\/wp-json\/wp\/v2\/media?parent=8608"}],"wp:term":[{"taxonomy":"product_brand","embeddable":true,"href":"https:\/\/www.helle.fi\/sv\/wp-json\/wp\/v2\/product_brand?post=8608"},{"taxonomy":"product_cat","embeddable":true,"href":"https:\/\/www.helle.fi\/sv\/wp-json\/wp\/v2\/product_cat?post=8608"},{"taxonomy":"product_tag","embeddable":true,"href":"https:\/\/www.helle.fi\/sv\/wp-json\/wp\/v2\/product_tag?post=8608"}],"curies":[{"name":"wp","href":"https:\/\/api.w.org\/{rel}","templated":true}]}}