{"id":8605,"date":"2026-02-26T18:21:08","date_gmt":"2026-02-26T16:21:08","guid":{"rendered":"https:\/\/www.helle.fi\/tuote\/winterboro-bladkal\/"},"modified":"2026-02-26T18:21:08","modified_gmt":"2026-02-26T16:21:08","slug":"winterboro-bladkal","status":"publish","type":"product","link":"https:\/\/www.helle.fi\/sv\/tuote\/winterboro-bladkal\/","title":{"rendered":"Winterboro bladk\u00e5l"},"content":{"rendered":"<p>Winterbor \u00e4r en sen gr\u00f6nk\u00e5l med god frostbest\u00e4ndighet. Det tar cirka 110 dagar att v\u00e4xa fr\u00e5n plantering. <\/p>\n<p>Winterbor ger starka uppr\u00e4ttst\u00e5ende blad.<\/p>\n<p>Uts\u00e4desm\u00e4ngden \u00e4r cirka 25 000-30 000 s.\/ha. Plantering utf\u00f6rs som med huvudk\u00e5l. Alfalfa \u00e4r frostt\u00e5lig och sk\u00f6rdas efter behov.<\/p>\n<p>Collard greens \u00e4r en h\u00e4lsosam k\u00e5l med mycket h\u00f6g C-vitaminhalt.<\/p>\n<p>S\u00e4ljs i f\u00f6rpackningar med 2500 fr\u00f6n.<\/p>\n<p>&nbsp;<\/p>\n","protected":false},"excerpt":{"rendered":"<p>Winterbor \u00e4r en sen gr\u00f6nk\u00e5l med god frostbest\u00e4ndighet. Det tar cirka 110 dagar att v\u00e4xa fr\u00e5n plantering. Winterbor ger starka uppr\u00e4ttst\u00e5ende blad. Uts\u00e4desm\u00e4ngden \u00e4r cirka 25 000-30 000 s.\/ha. Plantering utf\u00f6rs som med huvudk\u00e5l. Alfalfa \u00e4r frostt\u00e5lig och sk\u00f6rdas efter behov. Collard greens \u00e4r en h\u00e4lsosam k\u00e5l med mycket h\u00f6g C-vitaminhalt. S\u00e4ljs i f\u00f6rpackningar med [&hellip;]<\/p>\n","protected":false},"featured_media":8607,"template":"","meta":{"_improvement_type_select":"improve_an_existing","_thumb_yes_seoaic":false,"_frame_yes_seoaic":false,"seoaic_generate_description":"","seoaic_improve_instructions_prompt":"","seoaic_rollback_content_improvement":"","seoaic_idea_thumbnail_generator":"","thumbnail_generated":false,"thumbnail_generate_prompt":"","seoaic_article_description":""},"product_brand":[],"product_cat":[1462,1445,1446],"product_tag":[1524,1463,1523,1522],"class_list":{"0":"post-8605","1":"product","2":"type-product","3":"status-publish","4":"has-post-thumbnail","6":"product_cat-kal","7":"product_cat-fron-och-plantor","8":"product_cat-oppna-gronsaker","9":"product_tag-god-frostbestandighet","10":"product_tag-gronkal","11":"product_tag-sen","12":"product_tag-winterbor","14":"first","15":"instock","16":"taxable","17":"shipping-taxable","18":"purchasable","19":"product-type-simple"},"_links":{"self":[{"href":"https:\/\/www.helle.fi\/sv\/wp-json\/wp\/v2\/product\/8605","targetHints":{"allow":["GET"]}}],"collection":[{"href":"https:\/\/www.helle.fi\/sv\/wp-json\/wp\/v2\/product"}],"about":[{"href":"https:\/\/www.helle.fi\/sv\/wp-json\/wp\/v2\/types\/product"}],"wp:featuredmedia":[{"embeddable":true,"href":"https:\/\/www.helle.fi\/sv\/wp-json\/wp\/v2\/media\/8607"}],"wp:attachment":[{"href":"https:\/\/www.helle.fi\/sv\/wp-json\/wp\/v2\/media?parent=8605"}],"wp:term":[{"taxonomy":"product_brand","embeddable":true,"href":"https:\/\/www.helle.fi\/sv\/wp-json\/wp\/v2\/product_brand?post=8605"},{"taxonomy":"product_cat","embeddable":true,"href":"https:\/\/www.helle.fi\/sv\/wp-json\/wp\/v2\/product_cat?post=8605"},{"taxonomy":"product_tag","embeddable":true,"href":"https:\/\/www.helle.fi\/sv\/wp-json\/wp\/v2\/product_tag?post=8605"}],"curies":[{"name":"wp","href":"https:\/\/api.w.org\/{rel}","templated":true}]}}