{"id":8598,"date":"2026-02-26T18:21:26","date_gmt":"2026-02-26T16:21:26","guid":{"rendered":"https:\/\/www.helle.fi\/tuote\/porkkana-romance-25-000-s\/"},"modified":"2026-02-26T18:21:26","modified_gmt":"2026-02-26T16:21:26","slug":"porkkana-romance-25-000-s","status":"publish","type":"product","link":"https:\/\/www.helle.fi\/sv\/tuote\/porkkana-romance-25-000-s\/","title":{"rendered":"Porkkana Romance 25 000 s."},"content":{"rendered":"<p>Romance \u00e4r en snabb och stadigt v\u00e4xande, medelsp\u00e4t morot. Dess rot \u00e4r cylindrisk och mycket sl\u00e4t. <\/p>\n<p>Romance \u00e4r l\u00e4mplig f\u00f6r ett brett spektrum av odlingsf\u00f6rh\u00e5llanden och jordtyper. Den har en stark och h\u00e4lsosam konformation. <\/p>\n<p>N\u00e4r sorten \u00e4r f\u00f6rborrad \u00e4r den utm\u00e4rkt f\u00f6r buntning och som sommarmorot.<\/p>\n<p>Romantiskt fr\u00f6 \u00e4r 1,8-2,0 mm<\/p>\n<p>S\u00e4ljs i f\u00f6rpackningar om 25 000 fr\u00f6n.<\/p>\n<p>&nbsp;<\/p>\n","protected":false},"excerpt":{"rendered":"<p>Romance \u00e4r en snabb och stadigt v\u00e4xande, medelsp\u00e4t morot. Dess rot \u00e4r cylindrisk och mycket sl\u00e4t. Romance \u00e4r l\u00e4mplig f\u00f6r ett brett spektrum av odlingsf\u00f6rh\u00e5llanden och jordtyper. Den har en stark och h\u00e4lsosam konformation. N\u00e4r sorten \u00e4r f\u00f6rborrad \u00e4r den utm\u00e4rkt f\u00f6r buntning och som sommarmorot. Romantiskt fr\u00f6 \u00e4r 1,8-2,0 mm S\u00e4ljs i f\u00f6rpackningar om [&hellip;]<\/p>\n","protected":false},"featured_media":8599,"template":"","meta":{"_improvement_type_select":"improve_an_existing","_thumb_yes_seoaic":false,"_frame_yes_seoaic":false,"seoaic_generate_description":"","seoaic_improve_instructions_prompt":"","seoaic_rollback_content_improvement":"","seoaic_idea_thumbnail_generator":"","thumbnail_generated":false,"thumbnail_generate_prompt":"","seoaic_article_description":""},"product_brand":[],"product_cat":[1491,1445,1446],"product_tag":[1520,1519,1492,1518],"class_list":{"0":"post-8598","1":"product","2":"type-product","3":"status-publish","4":"has-post-thumbnail","6":"product_cat-morot","7":"product_cat-fron-och-plantor","8":"product_cat-oppna-gronsaker","9":"product_tag-lagring-morotter","10":"product_tag-medelalders","11":"product_tag-morot","12":"product_tag-romantik","14":"first","15":"instock","16":"taxable","17":"shipping-taxable","18":"purchasable","19":"product-type-simple"},"_links":{"self":[{"href":"https:\/\/www.helle.fi\/sv\/wp-json\/wp\/v2\/product\/8598","targetHints":{"allow":["GET"]}}],"collection":[{"href":"https:\/\/www.helle.fi\/sv\/wp-json\/wp\/v2\/product"}],"about":[{"href":"https:\/\/www.helle.fi\/sv\/wp-json\/wp\/v2\/types\/product"}],"wp:featuredmedia":[{"embeddable":true,"href":"https:\/\/www.helle.fi\/sv\/wp-json\/wp\/v2\/media\/8599"}],"wp:attachment":[{"href":"https:\/\/www.helle.fi\/sv\/wp-json\/wp\/v2\/media?parent=8598"}],"wp:term":[{"taxonomy":"product_brand","embeddable":true,"href":"https:\/\/www.helle.fi\/sv\/wp-json\/wp\/v2\/product_brand?post=8598"},{"taxonomy":"product_cat","embeddable":true,"href":"https:\/\/www.helle.fi\/sv\/wp-json\/wp\/v2\/product_cat?post=8598"},{"taxonomy":"product_tag","embeddable":true,"href":"https:\/\/www.helle.fi\/sv\/wp-json\/wp\/v2\/product_tag?post=8598"}],"curies":[{"name":"wp","href":"https:\/\/api.w.org\/{rel}","templated":true}]}}