{"id":8590,"date":"2026-02-28T06:21:42","date_gmt":"2026-02-28T04:21:42","guid":{"rendered":"https:\/\/www.helle.fi\/tuote\/vaxthusgurka-sensate\/"},"modified":"2026-02-28T06:21:42","modified_gmt":"2026-02-28T04:21:42","slug":"vaxthusgurka-sensate","status":"publish","type":"product","link":"https:\/\/www.helle.fi\/sv\/tuote\/vaxthusgurka-sensate\/","title":{"rendered":"V\u00e4xthusgurka Sensate"},"content":{"rendered":"<p>V\u00e4xthusgurkan Sensate \u00e4r den b\u00e4sta gurksorten i sk\u00f6rdef\u00f6rs\u00f6k!<\/p>\n<p>Sensate \u00e4r en gurksort som \u00e4r resistent mot gr\u00f6nmosaikvirus och har stark motst\u00e5ndskraft mot kr\u00e4fta.<\/p>\n<p>L\u00e4mplig f\u00f6r odling i ljus eller naturligt ljus under sommars\u00e4songen.<\/p>\n<p>Ger frukt av god kvalitet med utm\u00e4rkt f\u00e4rg och en vikt p\u00e5 cirka 360 g.<\/p>\n<p>S\u00e4ljs i f\u00f6rpackningar med 100 och 1000 fr\u00f6n.<\/p>\n","protected":false},"excerpt":{"rendered":"<p>V\u00e4xthusgurkan Sensate \u00e4r den b\u00e4sta gurksorten i sk\u00f6rdef\u00f6rs\u00f6ken! Sensate \u00e4r en gurksort som \u00e4r resistent mot gr\u00f6n mosaikvirus med stark motst\u00e5ndskraft mot kr\u00e4fta. <\/p>\n","protected":false},"featured_media":8591,"template":"","meta":{"_improvement_type_select":"improve_an_existing","_thumb_yes_seoaic":false,"_frame_yes_seoaic":false,"seoaic_generate_description":"","seoaic_improve_instructions_prompt":"","seoaic_rollback_content_improvement":"","seoaic_idea_thumbnail_generator":"","thumbnail_generated":false,"thumbnail_generate_prompt":"","seoaic_article_description":""},"product_brand":[1342],"product_cat":[1513,1445,1512],"product_tag":[1515,1516,1517,1514],"class_list":{"0":"post-8590","1":"product","2":"type-product","3":"status-publish","4":"has-post-thumbnail","6":"product_brand-basf-nunhems","7":"product_cat-gurka","8":"product_cat-fron-och-plantor","9":"product_cat-vaxthusgronsaker","10":"product_tag-gurka","11":"product_tag-sensate","12":"product_tag-stark-heme-resistens","13":"product_tag-vaxthusgurka","15":"first","16":"outofstock","17":"taxable","18":"shipping-taxable","19":"purchasable","20":"product-type-variable"},"_links":{"self":[{"href":"https:\/\/www.helle.fi\/sv\/wp-json\/wp\/v2\/product\/8590","targetHints":{"allow":["GET"]}}],"collection":[{"href":"https:\/\/www.helle.fi\/sv\/wp-json\/wp\/v2\/product"}],"about":[{"href":"https:\/\/www.helle.fi\/sv\/wp-json\/wp\/v2\/types\/product"}],"wp:featuredmedia":[{"embeddable":true,"href":"https:\/\/www.helle.fi\/sv\/wp-json\/wp\/v2\/media\/8591"}],"wp:attachment":[{"href":"https:\/\/www.helle.fi\/sv\/wp-json\/wp\/v2\/media?parent=8590"}],"wp:term":[{"taxonomy":"product_brand","embeddable":true,"href":"https:\/\/www.helle.fi\/sv\/wp-json\/wp\/v2\/product_brand?post=8590"},{"taxonomy":"product_cat","embeddable":true,"href":"https:\/\/www.helle.fi\/sv\/wp-json\/wp\/v2\/product_cat?post=8590"},{"taxonomy":"product_tag","embeddable":true,"href":"https:\/\/www.helle.fi\/sv\/wp-json\/wp\/v2\/product_tag?post=8590"}],"curies":[{"name":"wp","href":"https:\/\/api.w.org\/{rel}","templated":true}]}}