{"id":8584,"date":"2026-03-02T14:20:47","date_gmt":"2026-03-02T12:20:47","guid":{"rendered":"https:\/\/www.helle.fi\/tuote\/courgette-diamant\/"},"modified":"2026-03-02T14:20:47","modified_gmt":"2026-03-02T12:20:47","slug":"courgette-diamant","status":"publish","type":"product","link":"https:\/\/www.helle.fi\/sv\/tuote\/courgette-diamant\/","title":{"rendered":"Courgette Diamant"},"content":{"rendered":"<p>Courgette Diamant har gr\u00f6na, l\u00e5ngstr\u00e4ckta frukter som sk\u00f6rdas n\u00e4r de \u00e4r ca 15-20 cm l\u00e5nga och 5-6 cm tjocka.  <\/p>\n<p>Sorten \u00e4r ocks\u00e5 idealisk f\u00f6r hobbyodling!<\/p>\n<p>Courgetter \u00e4r l\u00e4tta att odla. Dess planteringsavst\u00e5nd \u00e4r 1 x 0,8 och den rekommenderade groningstemperaturen \u00e4r 22-24 grader. Efter groning b\u00f6r dagstemperaturen vara 20-22 grader Celsius och 15-17 grader Celsius p\u00e5 natten. Vegetationsperioden \u00e4r kort, bara cirka tre veckor.    <\/p>\n<p>S\u00e4ljs i f\u00f6rpackningar om 100 och 1000 fr\u00f6n.<\/p>\n","protected":false},"excerpt":{"rendered":"<p>Courgette Diamant har gr\u00f6na, l\u00e5ngstr\u00e4ckta frukter som sk\u00f6rdas n\u00e4r de \u00e4r ca 15-20 cm l\u00e5nga och 5-6 cm tjocka. Sorten \u00e4r ocks\u00e5 idealisk f\u00f6r hobbyodling! Courgetter \u00e4r l\u00e4tta att odla. Dess planteringsavst\u00e5nd \u00e4r 1 x 0,8 och den rekommenderade groningstemperaturen \u00e4r 22-24 grader. Efter groning b\u00f6r dagstemperaturen vara 20-22 grader Celsius och 15-17 grader Celsius [&hellip;]<\/p>\n","protected":false},"featured_media":8586,"template":"","meta":{"_improvement_type_select":"improve_an_existing","_thumb_yes_seoaic":false,"_frame_yes_seoaic":false,"seoaic_generate_description":"","seoaic_improve_instructions_prompt":"","seoaic_rollback_content_improvement":"","seoaic_idea_thumbnail_generator":"","thumbnail_generated":false,"thumbnail_generate_prompt":"","seoaic_article_description":""},"product_brand":[],"product_cat":[1507,1445,1446],"product_tag":[1508,1510,1511,1509],"class_list":{"0":"post-8584","1":"product","2":"type-product","3":"status-publish","4":"has-post-thumbnail","6":"product_cat-courgette","7":"product_cat-fron-och-plantor","8":"product_cat-oppna-gronsaker","9":"product_tag-courgette","10":"product_tag-diamant","11":"product_tag-latt-att-odla","12":"product_tag-sort-courgette","14":"first","15":"outofstock","16":"taxable","17":"shipping-taxable","18":"purchasable","19":"product-type-variable"},"_links":{"self":[{"href":"https:\/\/www.helle.fi\/sv\/wp-json\/wp\/v2\/product\/8584","targetHints":{"allow":["GET"]}}],"collection":[{"href":"https:\/\/www.helle.fi\/sv\/wp-json\/wp\/v2\/product"}],"about":[{"href":"https:\/\/www.helle.fi\/sv\/wp-json\/wp\/v2\/types\/product"}],"wp:featuredmedia":[{"embeddable":true,"href":"https:\/\/www.helle.fi\/sv\/wp-json\/wp\/v2\/media\/8586"}],"wp:attachment":[{"href":"https:\/\/www.helle.fi\/sv\/wp-json\/wp\/v2\/media?parent=8584"}],"wp:term":[{"taxonomy":"product_brand","embeddable":true,"href":"https:\/\/www.helle.fi\/sv\/wp-json\/wp\/v2\/product_brand?post=8584"},{"taxonomy":"product_cat","embeddable":true,"href":"https:\/\/www.helle.fi\/sv\/wp-json\/wp\/v2\/product_cat?post=8584"},{"taxonomy":"product_tag","embeddable":true,"href":"https:\/\/www.helle.fi\/sv\/wp-json\/wp\/v2\/product_tag?post=8584"}],"curies":[{"name":"wp","href":"https:\/\/api.w.org\/{rel}","templated":true}]}}