{"id":8583,"date":"2026-02-26T18:21:51","date_gmt":"2026-02-26T16:21:51","guid":{"rendered":"https:\/\/www.helle.fi\/tuote\/gul-rot-gyllene-ogat-50-000-s\/"},"modified":"2026-02-26T18:21:51","modified_gmt":"2026-02-26T16:21:51","slug":"gul-rot-gyllene-ogat-50-000-s","status":"publish","type":"product","link":"https:\/\/www.helle.fi\/sv\/tuote\/gul-rot-gyllene-ogat-50-000-s\/","title":{"rendered":"Gul rot Gyllene \u00f6gat 50 000 s."},"content":{"rendered":"<p>Golden eye \u00e4r en ljusgul och s\u00f6tgul rot. Den \u00e4r ocks\u00e5 mycket lagringsduglig. <\/p>\n<p>Fr\u00f6behovet \u00e4r ca 600.000 fr\u00f6n\/ha och plantavst\u00e5ndet \u00e4r 50 x 7 cm. Det \u00e4r v\u00e4l f\u00f6rlorat p\u00e5 jordiga sandar.<\/p>\n<p>S\u00e4ljs i f\u00f6rpackningar om 50.000 fr\u00f6n.<\/p>\n","protected":false},"excerpt":{"rendered":"<p>Golden eye \u00e4r en ljusgul och s\u00f6tgul rot. Den \u00e4r ocks\u00e5 mycket lagringsduglig. Fr\u00f6behovet \u00e4r ca 600.000 fr\u00f6n\/ha och plantavst\u00e5ndet \u00e4r 50 x 7 cm. Det \u00e4r v\u00e4l f\u00f6rlorat p\u00e5 jordiga sandar. S\u00e4ljs i f\u00f6rpackningar om 50.000 fr\u00f6n.<\/p>\n","protected":false},"featured_media":8585,"template":"","meta":{"_improvement_type_select":"improve_an_existing","_thumb_yes_seoaic":false,"_frame_yes_seoaic":false,"seoaic_generate_description":"","seoaic_improve_instructions_prompt":"","seoaic_rollback_content_improvement":"","seoaic_idea_thumbnail_generator":"","thumbnail_generated":false,"thumbnail_generate_prompt":"","seoaic_article_description":""},"product_brand":[],"product_cat":[1502,1445,1446],"product_tag":[1505,1503,1506,1504,1476],"class_list":{"0":"post-8583","1":"product","2":"type-product","3":"status-publish","4":"has-post-thumbnail","6":"product_cat-rodbeta-rodbeta-gulbeta","7":"product_cat-fron-och-plantor","8":"product_cat-oppna-gronsaker","9":"product_tag-gyllene-ogat","10":"product_tag-keltisk-rot","11":"product_tag-ljusgul","12":"product_tag-makea","13":"product_tag-mycket-lagringsbar","15":"first","16":"instock","17":"taxable","18":"shipping-taxable","19":"purchasable","20":"product-type-simple"},"_links":{"self":[{"href":"https:\/\/www.helle.fi\/sv\/wp-json\/wp\/v2\/product\/8583","targetHints":{"allow":["GET"]}}],"collection":[{"href":"https:\/\/www.helle.fi\/sv\/wp-json\/wp\/v2\/product"}],"about":[{"href":"https:\/\/www.helle.fi\/sv\/wp-json\/wp\/v2\/types\/product"}],"wp:featuredmedia":[{"embeddable":true,"href":"https:\/\/www.helle.fi\/sv\/wp-json\/wp\/v2\/media\/8585"}],"wp:attachment":[{"href":"https:\/\/www.helle.fi\/sv\/wp-json\/wp\/v2\/media?parent=8583"}],"wp:term":[{"taxonomy":"product_brand","embeddable":true,"href":"https:\/\/www.helle.fi\/sv\/wp-json\/wp\/v2\/product_brand?post=8583"},{"taxonomy":"product_cat","embeddable":true,"href":"https:\/\/www.helle.fi\/sv\/wp-json\/wp\/v2\/product_cat?post=8583"},{"taxonomy":"product_tag","embeddable":true,"href":"https:\/\/www.helle.fi\/sv\/wp-json\/wp\/v2\/product_tag?post=8583"}],"curies":[{"name":"wp","href":"https:\/\/api.w.org\/{rel}","templated":true}]}}