{"id":8577,"date":"2026-02-26T18:21:37","date_gmt":"2026-02-26T16:21:37","guid":{"rendered":"https:\/\/www.helle.fi\/tuote\/sommarsolhatt-tablemate-gold\/"},"modified":"2026-02-26T18:21:37","modified_gmt":"2026-02-26T16:21:37","slug":"sommarsolhatt-tablemate-gold","status":"publish","type":"product","link":"https:\/\/www.helle.fi\/sv\/tuote\/sommarsolhatt-tablemate-gold\/","title":{"rendered":"Sommarsolhatt Tablemate Gold"},"content":{"rendered":"<p>Tablemate Gold \u00e4r en l\u00e5g solros som \u00e4r l\u00e4mplig f\u00f6r krukodling.<\/p>\n<p>De rikligt blommande blommorna ger vackra, gyllene blommor.<\/p>\n<p>L\u00e4mplig f\u00f6r b\u00e5de inomhus- och utomhusbruk. L\u00e4ngre dagar och intensivt ljus p\u00e5skyndar blomningen. <\/p>\n<p>S\u00e4ljs i f\u00f6rpackningar om 100 fr\u00f6n.<\/p>\n","protected":false},"excerpt":{"rendered":"<p>Tablemate Gold \u00e4r en l\u00e5g solros som \u00e4r l\u00e4mplig f\u00f6r krukodling. De rikligt blommande blommorna ger vackra, gyllene blommor. L\u00e4mplig f\u00f6r b\u00e5de inomhus- och utomhusbruk. L\u00e4ngre dagar och intensivt ljus p\u00e5skyndar blomningen. S\u00e4ljs i f\u00f6rpackningar om 100 fr\u00f6n.<\/p>\n","protected":false},"featured_media":8578,"template":"","meta":{"_improvement_type_select":"improve_an_existing","_thumb_yes_seoaic":false,"_frame_yes_seoaic":false,"seoaic_generate_description":"","seoaic_improve_instructions_prompt":"","seoaic_rollback_content_improvement":"","seoaic_idea_thumbnail_generator":"","thumbnail_generated":false,"thumbnail_generate_prompt":"","seoaic_article_description":""},"product_brand":[1351],"product_cat":[1485,1445],"product_tag":[1499,1501,1500,1497,1498],"class_list":{"0":"post-8577","1":"product","2":"type-product","3":"status-publish","4":"has-post-thumbnail","6":"product_brand-benary-ernst-samensucht","7":"product_cat-blommor-och-prydnadsvaxter","8":"product_cat-fron-och-plantor","9":"product_tag-bordskamrat-guld","10":"product_tag-guld","11":"product_tag-krukvaxter","12":"product_tag-solros","13":"product_tag-sommar-solur","15":"first","16":"instock","17":"taxable","18":"shipping-taxable","19":"purchasable","20":"product-type-simple"},"_links":{"self":[{"href":"https:\/\/www.helle.fi\/sv\/wp-json\/wp\/v2\/product\/8577","targetHints":{"allow":["GET"]}}],"collection":[{"href":"https:\/\/www.helle.fi\/sv\/wp-json\/wp\/v2\/product"}],"about":[{"href":"https:\/\/www.helle.fi\/sv\/wp-json\/wp\/v2\/types\/product"}],"wp:featuredmedia":[{"embeddable":true,"href":"https:\/\/www.helle.fi\/sv\/wp-json\/wp\/v2\/media\/8578"}],"wp:attachment":[{"href":"https:\/\/www.helle.fi\/sv\/wp-json\/wp\/v2\/media?parent=8577"}],"wp:term":[{"taxonomy":"product_brand","embeddable":true,"href":"https:\/\/www.helle.fi\/sv\/wp-json\/wp\/v2\/product_brand?post=8577"},{"taxonomy":"product_cat","embeddable":true,"href":"https:\/\/www.helle.fi\/sv\/wp-json\/wp\/v2\/product_cat?post=8577"},{"taxonomy":"product_tag","embeddable":true,"href":"https:\/\/www.helle.fi\/sv\/wp-json\/wp\/v2\/product_tag?post=8577"}],"curies":[{"name":"wp","href":"https:\/\/api.w.org\/{rel}","templated":true}]}}