{"id":8573,"date":"2026-02-26T18:21:31","date_gmt":"2026-02-26T16:21:31","guid":{"rendered":"https:\/\/www.helle.fi\/tuote\/morot-laguna-100-000-s\/"},"modified":"2026-02-26T18:21:31","modified_gmt":"2026-02-26T16:21:31","slug":"morot-laguna-100-000-s","status":"publish","type":"product","link":"https:\/\/www.helle.fi\/sv\/tuote\/morot-laguna-100-000-s\/","title":{"rendered":"Morot Laguna 100 000 s."},"content":{"rendered":"<p>Laguna \u00e4r en tidig s\u00e4songssort mellan Napoli och Romance.<\/p>\n<p>Laguna \u00e4r ungef\u00e4r en vecka tidigare \u00e4n Romance och har sl\u00e4ta r\u00f6tter. Laguna \u00e4r stark mot sprickbildning. <\/p>\n<p>Den sk\u00f6rdas s\u00e5 tidigt som m\u00f6jligt p\u00e5 v\u00e5ren. Uts\u00e4desm\u00e4ngden vid tidig odling \u00e4r 600 000 till 1 miljon plantor per hektar. Vid sen odling \u00e4r uts\u00e4desm\u00e4ngden mellan 800 000 och 1,5 miljoner plantor per hektar, beroende p\u00e5 sort.    <\/p>\n<p>Mor\u00f6tter trivs b\u00e4st i en jord med sandig mulljord eller en n\u00e4ringsbalanserad mulljord.<\/p>\n<p>S\u00e4ljs i f\u00f6rpackningar om 100 000 fr\u00f6n.<\/p>\n","protected":false},"excerpt":{"rendered":"<p>Laguna \u00e4r en tidig s\u00e4songssort mellan Napoli och Romance. Laguna \u00e4r ungef\u00e4r en vecka tidigare \u00e4n Romance och har sl\u00e4ta r\u00f6tter. Laguna \u00e4r stark mot sprickbildning. Den sk\u00f6rdas s\u00e5 tidigt som m\u00f6jligt p\u00e5 v\u00e5ren. Uts\u00e4desm\u00e4ngden vid tidig odling \u00e4r 600 000 till 1 miljon plantor per hektar. Vid sen odling \u00e4r uts\u00e4desm\u00e4ngden mellan 800 000 [&hellip;]<\/p>\n","protected":false},"featured_media":8574,"template":"","meta":{"_improvement_type_select":"improve_an_existing","_thumb_yes_seoaic":false,"_frame_yes_seoaic":false,"seoaic_generate_description":"","seoaic_improve_instructions_prompt":"","seoaic_rollback_content_improvement":"","seoaic_idea_thumbnail_generator":"","thumbnail_generated":false,"thumbnail_generate_prompt":"","seoaic_article_description":""},"product_brand":[],"product_cat":[1491,1445,1446],"product_tag":[1493,1492,1495,1496,1494],"class_list":{"0":"post-8573","1":"product","2":"type-product","3":"status-publish","4":"has-post-thumbnail","6":"product_cat-morot","7":"product_cat-fron-och-plantor","8":"product_cat-oppna-gronsaker","9":"product_tag-laguna","10":"product_tag-morot","11":"product_tag-slata-rotter","12":"product_tag-stark","13":"product_tag-tidig-sasongssort","15":"first","16":"instock","17":"taxable","18":"shipping-taxable","19":"purchasable","20":"product-type-simple"},"_links":{"self":[{"href":"https:\/\/www.helle.fi\/sv\/wp-json\/wp\/v2\/product\/8573","targetHints":{"allow":["GET"]}}],"collection":[{"href":"https:\/\/www.helle.fi\/sv\/wp-json\/wp\/v2\/product"}],"about":[{"href":"https:\/\/www.helle.fi\/sv\/wp-json\/wp\/v2\/types\/product"}],"wp:featuredmedia":[{"embeddable":true,"href":"https:\/\/www.helle.fi\/sv\/wp-json\/wp\/v2\/media\/8574"}],"wp:attachment":[{"href":"https:\/\/www.helle.fi\/sv\/wp-json\/wp\/v2\/media?parent=8573"}],"wp:term":[{"taxonomy":"product_brand","embeddable":true,"href":"https:\/\/www.helle.fi\/sv\/wp-json\/wp\/v2\/product_brand?post=8573"},{"taxonomy":"product_cat","embeddable":true,"href":"https:\/\/www.helle.fi\/sv\/wp-json\/wp\/v2\/product_cat?post=8573"},{"taxonomy":"product_tag","embeddable":true,"href":"https:\/\/www.helle.fi\/sv\/wp-json\/wp\/v2\/product_tag?post=8573"}],"curies":[{"name":"wp","href":"https:\/\/api.w.org\/{rel}","templated":true}]}}