{"id":8570,"date":"2026-02-26T18:21:36","date_gmt":"2026-02-26T16:21:36","guid":{"rendered":"https:\/\/www.helle.fi\/tuote\/solros-i-kruka-smiley-f1\/"},"modified":"2026-02-26T18:21:36","modified_gmt":"2026-02-26T16:21:36","slug":"solros-i-kruka-smiley-f1","status":"publish","type":"product","link":"https:\/\/www.helle.fi\/sv\/tuote\/solros-i-kruka-smiley-f1\/","title":{"rendered":"Solros i kruka Smiley F1"},"content":{"rendered":"<p>Smiley \u00e4r en serie ringblommor i kruka som utm\u00e4rker sig f\u00f6r sitt kompakta v\u00e4xts\u00e4tt, snabba odling och enhetlighet.<\/p>\n<p>Sorten ger ljusgula, pollenfria blommor med breda kronblad.<\/p>\n<p>S\u00e4ljs i f\u00f6rpackningar om 100 fr\u00f6n.<\/p>\n","protected":false},"excerpt":{"rendered":"<p>Smiley \u00e4r en serie ringblommor i kruka som utm\u00e4rker sig f\u00f6r sitt kompakta v\u00e4xts\u00e4tt, snabba odling och enhetlighet. Sorten ger ljusgula, pollenfria blommor med breda kronblad. S\u00e4ljs i f\u00f6rpackningar om 100 fr\u00f6n.<\/p>\n","protected":false},"featured_media":8572,"template":"","meta":{"_improvement_type_select":"improve_an_existing","_thumb_yes_seoaic":false,"_frame_yes_seoaic":false,"seoaic_generate_description":"","seoaic_improve_instructions_prompt":"","seoaic_rollback_content_improvement":"","seoaic_idea_thumbnail_generator":"","thumbnail_generated":false,"thumbnail_generate_prompt":"","seoaic_article_description":""},"product_brand":[],"product_cat":[1485,1445],"product_tag":[1486,1487,1488,1490,1489],"class_list":{"0":"post-8570","1":"product","2":"type-product","3":"status-publish","4":"has-post-thumbnail","6":"product_cat-blommor-och-prydnadsvaxter","7":"product_cat-fron-och-plantor","8":"product_tag-kompakt","9":"product_tag-pollenfri","10":"product_tag-smiley-ansikt","11":"product_tag-snabb","12":"product_tag-solros-i-kruka","14":"first","15":"instock","16":"taxable","17":"shipping-taxable","18":"purchasable","19":"product-type-simple"},"_links":{"self":[{"href":"https:\/\/www.helle.fi\/sv\/wp-json\/wp\/v2\/product\/8570","targetHints":{"allow":["GET"]}}],"collection":[{"href":"https:\/\/www.helle.fi\/sv\/wp-json\/wp\/v2\/product"}],"about":[{"href":"https:\/\/www.helle.fi\/sv\/wp-json\/wp\/v2\/types\/product"}],"wp:featuredmedia":[{"embeddable":true,"href":"https:\/\/www.helle.fi\/sv\/wp-json\/wp\/v2\/media\/8572"}],"wp:attachment":[{"href":"https:\/\/www.helle.fi\/sv\/wp-json\/wp\/v2\/media?parent=8570"}],"wp:term":[{"taxonomy":"product_brand","embeddable":true,"href":"https:\/\/www.helle.fi\/sv\/wp-json\/wp\/v2\/product_brand?post=8570"},{"taxonomy":"product_cat","embeddable":true,"href":"https:\/\/www.helle.fi\/sv\/wp-json\/wp\/v2\/product_cat?post=8570"},{"taxonomy":"product_tag","embeddable":true,"href":"https:\/\/www.helle.fi\/sv\/wp-json\/wp\/v2\/product_tag?post=8570"}],"curies":[{"name":"wp","href":"https:\/\/api.w.org\/{rel}","templated":true}]}}