{"id":8569,"date":"2026-02-26T18:21:30","date_gmt":"2026-02-26T16:21:30","guid":{"rendered":"https:\/\/www.helle.fi\/tuote\/papu-soliman-5000-s\/"},"modified":"2026-02-26T18:21:30","modified_gmt":"2026-02-26T16:21:30","slug":"papu-soliman-5000-s","status":"publish","type":"product","link":"https:\/\/www.helle.fi\/sv\/tuote\/papu-soliman-5000-s\/","title":{"rendered":"Papu Soliman 5000 s."},"content":{"rendered":"<p>Papu Soliman \u00e4r en b\u00f6nsort som bildar l\u00e5nga gr\u00f6na baljor och \u00e4r l\u00e4tt att sk\u00f6rda.<\/p>\n<p>B\u00f6nan kr\u00e4ver varm jord f\u00f6r att gro vid minst 10-11 grader Celsius. V\u00e4xten \u00e4r ocks\u00e5 mycket k\u00e4nslig f\u00f6r frost och b\u00f6r s\u00e5s f\u00f6rst efter att v\u00e5rfrosten har passerat. <\/p>\n<p>S\u00e5m\u00e4ngden \u00e4r 70-110 kg\/ha och uts\u00e4desm\u00e4ngden \u00e4r 3-5 kg\/g. Den optimala uts\u00e4desm\u00e4ngden \u00e4r 7 fr\u00f6n per m och s\u00e5djupet ca 4 cm.<\/p>\n<p>S\u00e4ljs i f\u00f6rpackningar med 5000 fr\u00f6n.<\/p>\n<p>&nbsp;<\/p>\n","protected":false},"excerpt":{"rendered":"<p>Papu Soliman \u00e4r en b\u00f6nsort som bildar l\u00e5nga gr\u00f6na baljor och \u00e4r l\u00e4tt att sk\u00f6rda. B\u00f6nan kr\u00e4ver varm jord f\u00f6r att gro vid minst 10-11 grader Celsius. V\u00e4xten \u00e4r ocks\u00e5 mycket k\u00e4nslig f\u00f6r frost och b\u00f6r s\u00e5s f\u00f6rst efter att v\u00e5rfrosten har passerat. S\u00e5m\u00e4ngden \u00e4r 70-110 kg\/ha och uts\u00e4desm\u00e4ngden \u00e4r 3-5 kg\/g. Den optimala uts\u00e4desm\u00e4ngden [&hellip;]<\/p>\n","protected":false},"featured_media":8571,"template":"","meta":{"_improvement_type_select":"improve_an_existing","_thumb_yes_seoaic":false,"_frame_yes_seoaic":false,"seoaic_generate_description":"","seoaic_improve_instructions_prompt":"","seoaic_rollback_content_improvement":"","seoaic_idea_thumbnail_generator":"","thumbnail_generated":false,"thumbnail_generate_prompt":"","seoaic_article_description":""},"product_brand":[],"product_cat":[1480,1445,1446],"product_tag":[1482,1484,1481,1483],"class_list":{"0":"post-8569","1":"product","2":"type-product","3":"status-publish","4":"has-post-thumbnail","6":"product_cat-papu","7":"product_cat-fron-och-plantor","8":"product_cat-oppna-gronsaker","9":"product_tag-bonsort","10":"product_tag-gron","11":"product_tag-papu","12":"product_tag-soliman","14":"first","15":"instock","16":"taxable","17":"shipping-taxable","18":"purchasable","19":"product-type-simple"},"_links":{"self":[{"href":"https:\/\/www.helle.fi\/sv\/wp-json\/wp\/v2\/product\/8569","targetHints":{"allow":["GET"]}}],"collection":[{"href":"https:\/\/www.helle.fi\/sv\/wp-json\/wp\/v2\/product"}],"about":[{"href":"https:\/\/www.helle.fi\/sv\/wp-json\/wp\/v2\/types\/product"}],"wp:featuredmedia":[{"embeddable":true,"href":"https:\/\/www.helle.fi\/sv\/wp-json\/wp\/v2\/media\/8571"}],"wp:attachment":[{"href":"https:\/\/www.helle.fi\/sv\/wp-json\/wp\/v2\/media?parent=8569"}],"wp:term":[{"taxonomy":"product_brand","embeddable":true,"href":"https:\/\/www.helle.fi\/sv\/wp-json\/wp\/v2\/product_brand?post=8569"},{"taxonomy":"product_cat","embeddable":true,"href":"https:\/\/www.helle.fi\/sv\/wp-json\/wp\/v2\/product_cat?post=8569"},{"taxonomy":"product_tag","embeddable":true,"href":"https:\/\/www.helle.fi\/sv\/wp-json\/wp\/v2\/product_tag?post=8569"}],"curies":[{"name":"wp","href":"https:\/\/api.w.org\/{rel}","templated":true}]}}