{"id":8568,"date":"2026-02-26T18:21:35","date_gmt":"2026-02-26T16:21:35","guid":{"rendered":"https:\/\/www.helle.fi\/tuote\/parsnip-javelin-f1-100-000-s-primed-pill\/"},"modified":"2026-02-26T18:21:35","modified_gmt":"2026-02-26T16:21:35","slug":"parsnip-javelin-f1-100-000-s-primed-pill","status":"publish","type":"product","link":"https:\/\/www.helle.fi\/sv\/tuote\/parsnip-javelin-f1-100-000-s-primed-pill\/","title":{"rendered":"Parsnip Javelin F1 100 000 s. Primed Pill."},"content":{"rendered":"<p>Javelin \u00e4r en mycket lagringsduglig sort f\u00f6r sen s\u00e4song. Den har j\u00e4mna, ljusf\u00e4rgade r\u00f6tter. <\/p>\n<p>Palsternackor s\u00e5s med ett radavst\u00e5nd p\u00e5 40 cm och med ett planteringsavst\u00e5nd p\u00e5 10 cm.<\/p>\n<p>Palsternacka \u00e4r anspr\u00e5ksl\u00f6s n\u00e4r det g\u00e4ller jordkvalitet och har en l\u00e5ng v\u00e4xts\u00e4song. Den kan ocks\u00e5 sk\u00f6rdas p\u00e5 senh\u00f6sten. <\/p>\n<p>Palsternackor \u00e4r perfekta f\u00f6r matlagning av r\u00e4tter. Best\u00e4ll dina palsternacksfr\u00f6n i god tid! <\/p>\n<p>S\u00e4ljs i f\u00f6rpackningar om 100 000 tabletter.<\/p>\n<p>&nbsp;<\/p>\n","protected":false},"excerpt":{"rendered":"<p>Javelin \u00e4r en mycket lagringsduglig sort f\u00f6r sen s\u00e4song. Den har j\u00e4mna, ljusf\u00e4rgade r\u00f6tter. Palsternackor s\u00e5s med ett radavst\u00e5nd p\u00e5 40 cm och med ett planteringsavst\u00e5nd p\u00e5 10 cm. Palsternacka \u00e4r anspr\u00e5ksl\u00f6s n\u00e4r det g\u00e4ller jordkvalitet och har en l\u00e5ng v\u00e4xts\u00e4song. Den kan ocks\u00e5 sk\u00f6rdas p\u00e5 senh\u00f6sten. Palsternackor \u00e4r perfekta f\u00f6r matlagning av r\u00e4tter. Best\u00e4ll [&hellip;]<\/p>\n","protected":false},"featured_media":8859,"template":"","meta":{"_improvement_type_select":"improve_an_existing","_thumb_yes_seoaic":false,"_frame_yes_seoaic":false,"seoaic_generate_description":"","seoaic_improve_instructions_prompt":"","seoaic_rollback_content_improvement":"","seoaic_idea_thumbnail_generator":"","thumbnail_generated":false,"thumbnail_generate_prompt":"","seoaic_article_description":""},"product_brand":[],"product_cat":[1452,1445,1446],"product_tag":[1478,1477,1479,1476,1475],"class_list":{"0":"post-8568","1":"product","2":"type-product","3":"status-publish","4":"has-post-thumbnail","6":"product_cat-gras-kalrot-palsternacka","7":"product_cat-fron-och-plantor","8":"product_cat-oppna-gronsaker","9":"product_tag-huvud-sasong-sort","10":"product_tag-javelin","11":"product_tag-ljusa-rotter","12":"product_tag-mycket-lagringsbar","13":"product_tag-palsternacka","15":"first","16":"outofstock","17":"taxable","18":"shipping-taxable","19":"purchasable","20":"product-type-simple"},"_links":{"self":[{"href":"https:\/\/www.helle.fi\/sv\/wp-json\/wp\/v2\/product\/8568","targetHints":{"allow":["GET"]}}],"collection":[{"href":"https:\/\/www.helle.fi\/sv\/wp-json\/wp\/v2\/product"}],"about":[{"href":"https:\/\/www.helle.fi\/sv\/wp-json\/wp\/v2\/types\/product"}],"wp:featuredmedia":[{"embeddable":true,"href":"https:\/\/www.helle.fi\/sv\/wp-json\/wp\/v2\/media\/8859"}],"wp:attachment":[{"href":"https:\/\/www.helle.fi\/sv\/wp-json\/wp\/v2\/media?parent=8568"}],"wp:term":[{"taxonomy":"product_brand","embeddable":true,"href":"https:\/\/www.helle.fi\/sv\/wp-json\/wp\/v2\/product_brand?post=8568"},{"taxonomy":"product_cat","embeddable":true,"href":"https:\/\/www.helle.fi\/sv\/wp-json\/wp\/v2\/product_cat?post=8568"},{"taxonomy":"product_tag","embeddable":true,"href":"https:\/\/www.helle.fi\/sv\/wp-json\/wp\/v2\/product_tag?post=8568"}],"curies":[{"name":"wp","href":"https:\/\/api.w.org\/{rel}","templated":true}]}}