{"id":8566,"date":"2026-02-26T18:21:24","date_gmt":"2026-02-26T16:21:24","guid":{"rendered":"https:\/\/www.helle.fi\/tuote\/fytosave-1-l-for-forebyggande-av-mjoldagg\/"},"modified":"2026-02-26T18:21:24","modified_gmt":"2026-02-26T16:21:24","slug":"fytosave-1-l-for-forebyggande-av-mjoldagg","status":"publish","type":"product","link":"https:\/\/www.helle.fi\/sv\/tuote\/fytosave-1-l-for-forebyggande-av-mjoldagg\/","title":{"rendered":"FytoSave\u00ae 1 l &#8211; f\u00f6r f\u00f6rebyggande av mj\u00f6ldagg"},"content":{"rendered":"<p><strong>Elisiittor<\/strong><strong>i f\u00f6r bek\u00e4mpning av mj\u00f6ldagg p\u00e5 gurka, tomat, jordgubbar m.m.<\/strong><\/p>\n<p>&nbsp;<\/p>\n<p><strong>FytoSave\u00ae<\/strong> \u00e4r ett v\u00e4xtskyddsmedel med l\u00e5g risk som bek\u00e4mpar mj\u00f6ldagg i ett brett spektrum av v\u00e4xthusgr\u00f6dor. Det \u00e4r en elicitorprodukt som bidrar till v\u00e4xtens naturliga f\u00f6rsvar mot patogener. Produktens pris\/prestandaf\u00f6rh\u00e5llande \u00e4r utm\u00e4rkt! V\u00e5ra egna testodlare har testat produkten och var n\u00f6jda med resultaten.   <\/p>\n<p>&nbsp;<\/p>\n<p><strong>Bruksanvisning:<\/strong> <strong>FytoSave\u00ae<\/strong> ska anv\u00e4ndas i f\u00f6rebyggande syfte, med 1-5 appliceringar i f\u00f6ljd f\u00f6r att stimulera v\u00e4xtens f\u00f6rsvarsmekanismer tillr\u00e4ckligt. Behandlingen b\u00f6r upprepas var 7-10 dag beroende p\u00e5 sjukdomssituationen. Om mj\u00f6ldagg redan f\u00f6rekommer i gr\u00f6dan eller om det finns en h\u00f6g risk f\u00f6r att mj\u00f6ldagg ska upptr\u00e4da, b\u00f6r v\u00e4xtskyddet p\u00e5b\u00f6rjas med en produkt med botande effekt innan <strong>FytoSave\u00ae<\/strong> appliceras.  <\/p>\n<p>&nbsp;<\/p>\n<p><strong>Anv\u00e4ndning<\/strong>: Bek\u00e4mpning av de v\u00e4xtsjukdomar som n\u00e4mns i bruksanvisningen, t.ex. gurka (frilandsgurka, v\u00e4xthusgurka och sm\u00e5 gurkor), pumpa, tomat, paprika och chili i v\u00e4xthus och tunnel.<\/p>\n<p>&nbsp;<\/p>\n<p>Mindre anv\u00e4ndningsomr\u00e5den <strong>&#8211; bruksanvisning:<\/strong> ut\u00f6ver godk\u00e4nnandet \u00e4r mindre anv\u00e4ndningsomr\u00e5den till\u00e5tna f\u00f6r: babyleafprodukter, spenat, jordgubbar, hallon, busksenap, \u00f6rter, sallat och prydnadsv\u00e4xter p\u00e5 friland, i tunnlar och i v\u00e4xthus. <strong>Godk\u00e4nnandet f\u00f6r mindre anv\u00e4ndningsomr\u00e5de g\u00e4ller till och med den 22.04.2031.<\/strong><\/p>\n<p>&nbsp;<\/p>\n","protected":false},"excerpt":{"rendered":"<p><strong>FytoSave\u00ae<\/strong> \u00e4r ett v\u00e4xtskyddsmedel med l\u00e5g risk som bek\u00e4mpar mj\u00f6ldagg p\u00e5 ett brett spektrum av v\u00e4xthusgr\u00f6dor.<\/p>\n","protected":false},"featured_media":8567,"template":"","meta":{"_improvement_type_select":"improve_an_existing","_thumb_yes_seoaic":false,"_frame_yes_seoaic":false,"seoaic_generate_description":"","seoaic_improve_instructions_prompt":"","seoaic_rollback_content_improvement":"","seoaic_idea_thumbnail_generator":"","thumbnail_generated":false,"thumbnail_generate_prompt":"","seoaic_article_description":""},"product_brand":[],"product_cat":[1469,1468],"product_tag":[1472,1474,1471,1473,1470],"class_list":{"0":"post-8566","1":"product","2":"type-product","3":"status-publish","4":"has-post-thumbnail","6":"product_cat-biologiska-vaxtskyddsmedel-och-tillvaxtbeframjande-medel","7":"product_cat-biologisk-bekampning-och-humlor","8":"product_tag-bekampning-av-mjoldagg","9":"product_tag-biologisk","10":"product_tag-damm","11":"product_tag-fungicid","12":"product_tag-fytosave","14":"first","15":"instock","16":"taxable","17":"shipping-taxable","18":"purchasable","19":"product-type-simple"},"_links":{"self":[{"href":"https:\/\/www.helle.fi\/sv\/wp-json\/wp\/v2\/product\/8566","targetHints":{"allow":["GET"]}}],"collection":[{"href":"https:\/\/www.helle.fi\/sv\/wp-json\/wp\/v2\/product"}],"about":[{"href":"https:\/\/www.helle.fi\/sv\/wp-json\/wp\/v2\/types\/product"}],"wp:featuredmedia":[{"embeddable":true,"href":"https:\/\/www.helle.fi\/sv\/wp-json\/wp\/v2\/media\/8567"}],"wp:attachment":[{"href":"https:\/\/www.helle.fi\/sv\/wp-json\/wp\/v2\/media?parent=8566"}],"wp:term":[{"taxonomy":"product_brand","embeddable":true,"href":"https:\/\/www.helle.fi\/sv\/wp-json\/wp\/v2\/product_brand?post=8566"},{"taxonomy":"product_cat","embeddable":true,"href":"https:\/\/www.helle.fi\/sv\/wp-json\/wp\/v2\/product_cat?post=8566"},{"taxonomy":"product_tag","embeddable":true,"href":"https:\/\/www.helle.fi\/sv\/wp-json\/wp\/v2\/product_tag?post=8566"}],"curies":[{"name":"wp","href":"https:\/\/api.w.org\/{rel}","templated":true}]}}