{"id":8560,"date":"2026-02-26T18:21:23","date_gmt":"2026-02-26T16:21:23","guid":{"rendered":"https:\/\/www.helle.fi\/tuote\/maize-sprinter-f1-1000-s\/"},"modified":"2026-02-26T18:21:23","modified_gmt":"2026-02-26T16:21:23","slug":"maize-sprinter-f1-1000-s","status":"publish","type":"product","link":"https:\/\/www.helle.fi\/sv\/tuote\/maize-sprinter-f1-1000-s\/","title":{"rendered":"Maize Sprinter F1 1000 s"},"content":{"rendered":"<p>Sprinter \u00e4r en tidig sockermajs som bildar en stor kotte. Den ger en s\u00f6t sk\u00f6rd f\u00f6r sk\u00f6rd i slutet av augusti. <\/p>\n<p>Uts\u00e4desbehovet \u00e4r 50 000 fr\u00f6n\/ha. S\u00e5dden f\u00f6r f\u00f6rs\u00e5dd startar i b\u00f6rjan av maj. Den maximala v\u00e4xtperioden \u00e4r ca 3 veckor f\u00f6r att f\u00f6rhindra att plantornas r\u00f6tter blir f\u00f6r stora och bromsar upp tillv\u00e4xtstarten efter plantering.  <\/p>\n<p>S\u00e4ljs i f\u00f6rpackningar om 1000 fr\u00f6n.<\/p>\n","protected":false},"excerpt":{"rendered":"<p>Sprinter \u00e4r en tidig sockermajs som bildar en stor kotte. Den ger en s\u00f6t sk\u00f6rd f\u00f6r sk\u00f6rd i slutet av augusti. Uts\u00e4desbehovet \u00e4r 50 000 fr\u00f6n\/ha. S\u00e5dden f\u00f6r f\u00f6rs\u00e5dd startar i b\u00f6rjan av maj. Den maximala v\u00e4xtperioden \u00e4r ca 3 veckor f\u00f6r att f\u00f6rhindra att plantornas r\u00f6tter blir f\u00f6r stora och bromsar upp tillv\u00e4xtstarten efter [&hellip;]<\/p>\n","protected":false},"featured_media":8563,"template":"","meta":{"_improvement_type_select":"improve_an_existing","_thumb_yes_seoaic":false,"_frame_yes_seoaic":false,"seoaic_generate_description":"","seoaic_improve_instructions_prompt":"","seoaic_rollback_content_improvement":"","seoaic_idea_thumbnail_generator":"","thumbnail_generated":false,"thumbnail_generate_prompt":"","seoaic_article_description":""},"product_brand":[],"product_cat":[1457,1445,1446],"product_tag":[1458,1461,1459,1460],"class_list":{"0":"post-8560","1":"product","2":"type-product","3":"status-publish","4":"has-post-thumbnail","6":"product_cat-majs","7":"product_cat-fron-och-plantor","8":"product_cat-oppna-gronsaker","9":"product_tag-majs","10":"product_tag-sockermajs","11":"product_tag-sprinter","12":"product_tag-tidigt","14":"first","15":"outofstock","16":"taxable","17":"shipping-taxable","18":"purchasable","19":"product-type-simple"},"_links":{"self":[{"href":"https:\/\/www.helle.fi\/sv\/wp-json\/wp\/v2\/product\/8560","targetHints":{"allow":["GET"]}}],"collection":[{"href":"https:\/\/www.helle.fi\/sv\/wp-json\/wp\/v2\/product"}],"about":[{"href":"https:\/\/www.helle.fi\/sv\/wp-json\/wp\/v2\/types\/product"}],"wp:featuredmedia":[{"embeddable":true,"href":"https:\/\/www.helle.fi\/sv\/wp-json\/wp\/v2\/media\/8563"}],"wp:attachment":[{"href":"https:\/\/www.helle.fi\/sv\/wp-json\/wp\/v2\/media?parent=8560"}],"wp:term":[{"taxonomy":"product_brand","embeddable":true,"href":"https:\/\/www.helle.fi\/sv\/wp-json\/wp\/v2\/product_brand?post=8560"},{"taxonomy":"product_cat","embeddable":true,"href":"https:\/\/www.helle.fi\/sv\/wp-json\/wp\/v2\/product_cat?post=8560"},{"taxonomy":"product_tag","embeddable":true,"href":"https:\/\/www.helle.fi\/sv\/wp-json\/wp\/v2\/product_tag?post=8560"}],"curies":[{"name":"wp","href":"https:\/\/api.w.org\/{rel}","templated":true}]}}