{"id":8559,"date":"2026-02-26T18:21:32","date_gmt":"2026-02-26T16:21:32","guid":{"rendered":"https:\/\/www.helle.fi\/tuote\/sallat-gowrie-500-g\/"},"modified":"2026-02-26T18:21:32","modified_gmt":"2026-02-26T16:21:32","slug":"sallat-gowrie-500-g","status":"publish","type":"product","link":"https:\/\/www.helle.fi\/sv\/tuote\/sallat-gowrie-500-g\/","title":{"rendered":"Sallat Gowrie 500 g"},"content":{"rendered":"<p>Gowrie \u00e4r en r\u00f6dskalig sort som l\u00e4mpar sig f\u00f6r f\u00e4rskkonsumtion. Gowrie \u00e4r en p\u00e5litlig sort som lagras v\u00e4l. <\/p>\n<p>Uts\u00e4desbehovet \u00e4r 200-300,00 s.\/ha f\u00f6r precisionss\u00e5dd. Kan s\u00e5s direkt i f\u00e4lt eller f\u00f6rplanteras.<\/p>\n<p>Dess planteringsavst\u00e5nd \u00e4r 50 x 20 cm. F\u00f6r att v\u00e4xa direkt kr\u00e4ver gr\u00e4set en l\u00f6s sandjord. <\/p>\n<p>S\u00e4ljs i f\u00f6rpackningar om 500 gram.<\/p>\n<p>Oskyddad fr\u00f6.<\/p>\n","protected":false},"excerpt":{"rendered":"<p>Gowrie \u00e4r en r\u00f6dskalig sort som l\u00e4mpar sig f\u00f6r f\u00e4rskkonsumtion. Gowrie \u00e4r en p\u00e5litlig sort som lagras v\u00e4l. Uts\u00e4desbehovet \u00e4r 200-300,00 s.\/ha f\u00f6r precisionss\u00e5dd. Kan s\u00e5s direkt i f\u00e4lt eller f\u00f6rplanteras. Dess planteringsavst\u00e5nd \u00e4r 50 x 20 cm. F\u00f6r att v\u00e4xa direkt kr\u00e4ver gr\u00e4set en l\u00f6s sandjord. S\u00e4ljs i f\u00f6rpackningar om 500 gram. Oskyddad fr\u00f6.<\/p>\n","protected":false},"featured_media":8562,"template":"","meta":{"_improvement_type_select":"improve_an_existing","_thumb_yes_seoaic":false,"_frame_yes_seoaic":false,"seoaic_generate_description":"","seoaic_improve_instructions_prompt":"","seoaic_rollback_content_improvement":"","seoaic_idea_thumbnail_generator":"","thumbnail_generated":false,"thumbnail_generate_prompt":"","seoaic_article_description":""},"product_brand":[],"product_cat":[1452,1445,1446],"product_tag":[1454,1453,1455,1456],"class_list":{"0":"post-8559","1":"product","2":"type-product","3":"status-publish","4":"has-post-thumbnail","6":"product_cat-gras-kalrot-palsternacka","7":"product_cat-fron-och-plantor","8":"product_cat-oppna-gronsaker","9":"product_tag-gowrie","10":"product_tag-grub","11":"product_tag-lamplig-for-farsk-anvandning","12":"product_tag-sakerhet-for-grodor","14":"first","15":"instock","16":"taxable","17":"shipping-taxable","18":"purchasable","19":"product-type-simple"},"_links":{"self":[{"href":"https:\/\/www.helle.fi\/sv\/wp-json\/wp\/v2\/product\/8559","targetHints":{"allow":["GET"]}}],"collection":[{"href":"https:\/\/www.helle.fi\/sv\/wp-json\/wp\/v2\/product"}],"about":[{"href":"https:\/\/www.helle.fi\/sv\/wp-json\/wp\/v2\/types\/product"}],"wp:featuredmedia":[{"embeddable":true,"href":"https:\/\/www.helle.fi\/sv\/wp-json\/wp\/v2\/media\/8562"}],"wp:attachment":[{"href":"https:\/\/www.helle.fi\/sv\/wp-json\/wp\/v2\/media?parent=8559"}],"wp:term":[{"taxonomy":"product_brand","embeddable":true,"href":"https:\/\/www.helle.fi\/sv\/wp-json\/wp\/v2\/product_brand?post=8559"},{"taxonomy":"product_cat","embeddable":true,"href":"https:\/\/www.helle.fi\/sv\/wp-json\/wp\/v2\/product_cat?post=8559"},{"taxonomy":"product_tag","embeddable":true,"href":"https:\/\/www.helle.fi\/sv\/wp-json\/wp\/v2\/product_tag?post=8559"}],"curies":[{"name":"wp","href":"https:\/\/api.w.org\/{rel}","templated":true}]}}