{"id":8484,"date":"2026-03-02T09:06:56","date_gmt":"2026-03-02T07:06:56","guid":{"rendered":"https:\/\/www.helle.fi\/leverans-och-garantivillkor-for-plantor\/"},"modified":"2026-03-04T11:28:57","modified_gmt":"2026-03-04T09:28:57","slug":"leverans-och-garantivillkor-for-plantor","status":"publish","type":"page","link":"https:\/\/www.helle.fi\/sv\/leverans-och-garantivillkor-for-plantor\/","title":{"rendered":"Leverans- och garantivillkor f\u00f6r plantor"},"content":{"rendered":"\t\t<div data-elementor-type=\"wp-page\" data-elementor-id=\"8484\" class=\"elementor elementor-8484 elementor-520\" data-elementor-post-type=\"page\">\n\t\t\t\t<div class=\"elementor-element elementor-element-6736e6a e-con-full e-flex e-con e-parent\" data-id=\"6736e6a\" data-element_type=\"container\" data-e-type=\"container\" data-settings=\"{&quot;jet_parallax_layout_list&quot;:[]}\">\n\t\t\t\t<div class=\"elementor-element elementor-element-248e285 elementor-widget elementor-widget-template\" data-id=\"248e285\" data-element_type=\"widget\" data-e-type=\"widget\" data-widget_type=\"template.default\">\n\t\t\t\t<div class=\"elementor-widget-container\">\n\t\t\t\t\t\t\t<div class=\"elementor-template\">\n\t\t\t\t\t<div data-elementor-type=\"container\" data-elementor-id=\"1110\" class=\"elementor elementor-1110\" data-elementor-post-type=\"elementor_library\">\n\t\t\t\t<div class=\"elementor-element elementor-element-81938a0 e-flex e-con-boxed e-con e-parent\" data-id=\"81938a0\" data-element_type=\"container\" data-e-type=\"container\" data-settings=\"{&quot;jet_parallax_layout_list&quot;:[]}\">\n\t\t\t\t\t<div class=\"e-con-inner\">\n\t\t\t\t<div class=\"elementor-element elementor-element-6882159 elementor-widget elementor-widget-template\" data-id=\"6882159\" data-element_type=\"widget\" data-e-type=\"widget\" data-widget_type=\"template.default\">\n\t\t\t\t<div class=\"elementor-widget-container\">\n\t\t\t\t\t\t\t<div class=\"elementor-template\">\n\t\t\t\t\t<div data-elementor-type=\"container\" data-elementor-id=\"8460\" class=\"elementor elementor-8460 elementor-1248 elementor-1248 elementor-1248\" data-elementor-post-type=\"elementor_library\">\n\t\t\t\t<div class=\"elementor-element elementor-element-75a1561a e-con-full e-flex e-con e-child\" data-id=\"75a1561a\" data-element_type=\"container\" data-e-type=\"container\" data-settings=\"{&quot;jet_parallax_layout_list&quot;:[],&quot;background_background&quot;:&quot;classic&quot;}\">\n\t\t\t\t<div class=\"elementor-element elementor-element-59edff5f elementor-widget elementor-widget-image\" data-id=\"59edff5f\" data-element_type=\"widget\" data-e-type=\"widget\" data-widget_type=\"image.default\">\n\t\t\t\t<div class=\"elementor-widget-container\">\n\t\t\t\t\t\t\t\t\t\t\t\t\t\t\t<img fetchpriority=\"high\" decoding=\"async\" width=\"2048\" height=\"1366\" src=\"https:\/\/www.helle.fi\/wp-content\/uploads\/2025\/12\/Kastelusivun-kuva-scaled-1-2048x1366.jpg\" class=\"attachment-2048x2048 size-2048x2048 wp-image-8461\" alt=\"\" srcset=\"https:\/\/www.helle.fi\/wp-content\/uploads\/2025\/12\/Kastelusivun-kuva-scaled-1-2048x1366.jpg 2048w, https:\/\/www.helle.fi\/wp-content\/uploads\/2025\/12\/Kastelusivun-kuva-scaled-1-300x200.jpg 300w, https:\/\/www.helle.fi\/wp-content\/uploads\/2025\/12\/Kastelusivun-kuva-scaled-1-1024x683.jpg 1024w, https:\/\/www.helle.fi\/wp-content\/uploads\/2025\/12\/Kastelusivun-kuva-scaled-1-768x512.jpg 768w, https:\/\/www.helle.fi\/wp-content\/uploads\/2025\/12\/Kastelusivun-kuva-scaled-1-1536x1024.jpg 1536w, https:\/\/www.helle.fi\/wp-content\/uploads\/2025\/12\/Kastelusivun-kuva-scaled-1-600x400.jpg 600w\" sizes=\"(max-width: 2048px) 100vw, 2048px\" \/>\t\t\t\t\t\t\t\t\t\t\t\t\t\t\t<\/div>\n\t\t\t\t<\/div>\n\t\t<div class=\"elementor-element elementor-element-7a967e0f e-flex e-con-boxed e-con e-child\" data-id=\"7a967e0f\" data-element_type=\"container\" data-e-type=\"container\" data-settings=\"{&quot;jet_parallax_layout_list&quot;:[]}\">\n\t\t\t\t\t<div class=\"e-con-inner\">\n\t\t\t\t<div class=\"elementor-element elementor-element-557eab4c elementor-widget elementor-widget-jet-breadcrumbs\" data-id=\"557eab4c\" data-element_type=\"widget\" data-e-type=\"widget\" data-widget_type=\"jet-breadcrumbs.default\">\n\t\t\t\t<div class=\"elementor-widget-container\">\n\t\t\t\t\t<div class=\"elementor-jet-breadcrumbs jet-blocks\">\n\t\t<div class=\"jet-breadcrumbs\">\n\t\t<div class=\"jet-breadcrumbs__content\">\n\t\t<div class=\"jet-breadcrumbs__wrap\"><div class=\"jet-breadcrumbs__item\"><a href=\"https:\/\/www.helle.fi\/sv\/\" class=\"jet-breadcrumbs__item-link is-home\" rel=\"home\" title=\"Startsida\">Startsida<\/a><\/div>\n\t\t<\/div>\n\t\t<\/div>\n\t\t<\/div><\/div>\t\t\t\t<\/div>\n\t\t\t\t<\/div>\n\t\t\t\t\t<\/div>\n\t\t\t\t<\/div>\n\t\t\t\t<\/div>\n\t\t\t\t<\/div>\n\t\t\t\t<\/div>\n\t\t\t\t\t\t<\/div>\n\t\t\t\t<\/div>\n\t\t<div class=\"elementor-element elementor-element-b9f11fc e-flex e-con-boxed e-con e-child\" data-id=\"b9f11fc\" data-element_type=\"container\" data-e-type=\"container\" data-settings=\"{&quot;jet_parallax_layout_list&quot;:[]}\">\n\t\t\t\t\t<div class=\"e-con-inner\">\n\t\t\t\t\t<\/div>\n\t\t\t\t<\/div>\n\t\t\t\t\t<\/div>\n\t\t\t\t<\/div>\n\t\t\t\t<\/div>\n\t\t\t\t<\/div>\n\t\t\t\t\t\t<\/div>\n\t\t\t\t<\/div>\n\t\t\t\t<\/div>\n\t\t<div class=\"elementor-element elementor-element-fcf6cdf e-flex e-con-boxed e-con e-parent\" data-id=\"fcf6cdf\" data-element_type=\"container\" data-e-type=\"container\" data-settings=\"{&quot;jet_parallax_layout_list&quot;:[]}\">\n\t\t\t\t\t<div class=\"e-con-inner\">\n\t\t\t\t<div class=\"elementor-element elementor-element-a037ed2 elementor-widget elementor-widget-text-editor\" data-id=\"a037ed2\" data-element_type=\"widget\" data-e-type=\"widget\" data-widget_type=\"text-editor.default\">\n\t\t\t\t<div class=\"elementor-widget-container\">\n\t\t\t\t\t\t\t\t\t<p>Plantorna uppfyller kvalitetskraven i lagen om plantmaterial 1205\/1994 och dess \u00e4ndringar<a href=\"https:\/\/www.finlex.fi\/fi\/laki\/ajantasa\/1994\/19941205\" target=\"_blank\" rel=\"noopener\">(https:\/\/www.finlex.fi\/fi\/laki\/ajantasa\/1994\/19941205)<\/a> och MMM:s f\u00f6reskrifter 398\/2020 och 399\/2020 relaterade till lagen om plantmaterial<a href=\"https:\/\/mmm.fi\/elaimet-kasvit\/taimiaineistot\" target=\"_blank\" rel=\"noopener\">(https:\/\/mmm.fi\/elaimet-kasvit\/taimiaineistot)<\/a>.<\/p>\n<p>K\u00f6paren av plantorna ska inom fyra (4) kalenderdagar fr\u00e5n mottagandet av plantorna skriftligen meddela oss om eventuella fel som uppt\u00e4cks i leveransen, sorteringen och\/eller f\u00f6rpackningen. K\u00f6paren ska p\u00e5 f\u00f6rsta plats g\u00f6ra en kontroll av leveransen f\u00f6r att kontrollera att leveransen \u00f6verensst\u00e4mmer med best\u00e4llningen och att plantorna \u00e4r i gott skick. Eventuell reklamation av felaktig leverans skall ske skriftligen och \u00e5tf\u00f6ljas av fotografier som visar plantornas defekter. Om ingen mottagningskontroll har utf\u00f6rts, skall leveransen anses ha blivit godk\u00e4nd. Eventuella transportskador skall anm\u00e4las till transport\u00f6ren skriftligen p\u00e5 fraktsedeln i samband med mottagandet av v\u00e4xterna. S\u00e4ljaren skall ge k\u00f6paren n\u00e4rmare anvisningar om hur defekta eller p\u00e5 annat s\u00e4tt felaktigt mottagna plantor skall hanteras. Anm\u00e4lan kan g\u00f6ras per e-post till den e-postadress som s\u00e4ljaren har uppgett.      <\/p>\n<p>Plantorna ges en tillv\u00e4xtstartgaranti. Eventuella tillv\u00e4xtdeklarationer f\u00f6r plantor m\u00e5ste g\u00f6ras senast fjorton (14) kalenderdagar efter mottagandet av plantorna. <\/p>\n<p>Om k\u00f6paren inte iakttar ovan angivna reklamationsfrister, trots att k\u00f6paren har uppt\u00e4ckt eller borde ha uppt\u00e4ckt felet eller bristen, f\u00f6rlorar k\u00f6paren r\u00e4tten att \u00e5beropa dem.<\/p>\n<p>Hantering och plantering av plantor m\u00e5ste ske p\u00e5 ett fackmannam\u00e4ssigt s\u00e4tt. Garantin omfattar inte f\u00f6rsumlig och oskicklig hantering, f\u00f6rvaring eller plantering av plantor. S\u00e4ljaren ansvarar inte f\u00f6r fel och skador p\u00e5 plantorna som orsakats av felaktig f\u00f6rvaring eller hantering. K\u00f6paren ansvarar f\u00f6r korrekt och omsorgsfull hantering av plantorna efter kylf\u00f6rvaring, under plantering och efter plantering. Om k\u00f6paren har f\u00f6ljt planterings- och sk\u00f6tselanvisningarna och plantorna \u00e4nd\u00e5 har d\u00f6tt, ska k\u00f6paren omedelbart kontakta s\u00e4ljaren. Garantin omfattar inte plantor som d\u00f6tt p\u00e5 grund av d\u00e5lig sk\u00f6tsel, utebliven plantering eller yttre orsaker.     <\/p>\n<p>Det finns ingen garanti \u00f6ver vintern. Saknade plantor kan ers\u00e4ttas med andra plantor av samma art och sort. Ers\u00e4ttning f\u00f6r fel p\u00e5 plantor \u00e4r i f\u00f6rsta hand begr\u00e4nsad till ers\u00e4ttningsplantor. S\u00e4ljaren \u00e4r inte ansvarig f\u00f6r f\u00f6ljdskador till f\u00f6ljd av defekta plantor, s\u00e5som, men inte begr\u00e4nsat till, f\u00f6rlust av vinst eller avkastning, f\u00f6rlust av tid eller energi, f\u00f6rlust av anv\u00e4ndning eller anspr\u00e5k som k\u00f6parens kund g\u00f6r mot k\u00f6paren eller skada orsakad till tredje part. S\u00e4ljarens ansvar \u00e4r begr\u00e4nsat till priset f\u00f6r de defekta plantorna.    <\/p>\n<p>V\u00e4xter eller delar av v\u00e4xter kan vara giftiga eller skadliga.<\/p>\n<p>Om inte annat anges kan priserna p\u00e5 produkterna \u00e4ndras utan f\u00f6reg\u00e5ende meddelande. Priserna \u00e4r f\u00f6rem\u00e5l f\u00f6r moms enligt g\u00e4llande skattesats. S\u00e4ljaren f\u00f6rbeh\u00e5ller sig r\u00e4tten att \u00e4ndra priserna i sin prislista. \u00c4gander\u00e4tten till varorna kvarst\u00e5r hos s\u00e4ljaren till dess att hela k\u00f6peskillingen har betalats. Vid utebliven betalning fr\u00e5n k\u00f6parens sida har s\u00e4ljaren r\u00e4tt att skjuta upp leveransen till dess att betalning erlagts eller avtalats. Den avtalade leveranstiden ska anses ha skjutits upp i motsvarande m\u00e5n.     <\/p>\n<p>Produkterna reserveras i den ordning de best\u00e4lls. Best\u00e4llningar av plantor g\u00f6rs huvudsakligen som f\u00f6rhandsbest\u00e4llningar. P\u00e5 basis av k\u00f6parens best\u00e4llning skickar s\u00e4ljaren en orderbekr\u00e4ftelse till k\u00f6paren.  <\/p>\n<p>K\u00f6paren \u00e4r skyldig att ta emot de best\u00e4llda v\u00e4xterna i den m\u00e4ngd och vid den tidpunkt som anges i best\u00e4llningen. Om k\u00f6paren inte tar emot de best\u00e4llda v\u00e4xterna, skall k\u00f6paren \u00e4nd\u00e5 betala det f\u00f6rskott som har betalats till leverant\u00f6ren av v\u00e4xterna. S\u00e4ljaren har r\u00e4tt att h\u00e4va avtalet om k\u00f6paren inte tar emot v\u00e4xterna inom den avtalade tiden. Om k\u00f6paren delar upp den avtalade best\u00e4llningen i delleveranser, har s\u00e4ljaren r\u00e4tt att debitera k\u00f6paren f\u00f6r kostnaderna f\u00f6r uppdelningen.   <\/p>\n<p>Plantorna levereras enligt best\u00e4llning vid avtalad tidpunkt. K\u00f6paren ska meddela s\u00e4ljaren om eventuella \u00e4ndringar i leveranstiden fjorton (14) kalenderdagar f\u00f6re leveransen. Plantorna levereras i hela plantf\u00f6rpackningar och man str\u00e4var efter att leverera best\u00e4llningen s\u00e5 n\u00e4ra den avtalade leveranskvantiteten som m\u00f6jligt. Antalet plantor kan variera upp till n\u00e4rmaste hela leveransparti. Leveranserna sker m\u00e5ndag till onsdag s\u00e5 att plantorna inte blir st\u00e5ende p\u00e5 terminalerna \u00f6ver helgen.    <\/p>\n<p>Beroende p\u00e5 situationen avg\u00f6r s\u00e4ljaren om frakten kommer direkt fr\u00e5n Helsingfors till k\u00f6paren eller fr\u00e5n s\u00e4ljarens lager till k\u00f6paren. Leveransen av en pall med l\u00e5g vikt sker vanligtvis fr\u00e5n s\u00e4ljarens lager, varvid frakten debiteras enligt den faktiska leveransen. Fraktavgifterna p\u00e5verkas av produktens vikt och avst\u00e5ndet mellan leveransadressen och lagret. Fraktavgifter tillkommer och fastst\u00e4lls fr\u00e5n fall till fall av s\u00e4ljaren. Fraktavgifterna debiteras p\u00e5 fakturan. S\u00e4ljaren ing\u00e5r transportavtal med transport\u00f6rerna, best\u00e4ller transporten och ansvarar f\u00f6r leveranserna i enlighet med de avtal som ing\u00e5tts med transport\u00f6rerna. S\u00e4ljaren kan byta leverant\u00f6r av transporttj\u00e4nster utan f\u00f6reg\u00e5ende meddelande. S\u00e4ljaren best\u00e4ller transporten i enlighet med k\u00f6parens best\u00e4llning och f\u00f6rbeh\u00e5ller sig r\u00e4tten att \u00e4ndra leveranss\u00e4ttet s\u00e5 att det passar den typ av leveranskund som vid varje tidpunkt finns.       <\/p>\n<p>S\u00e4ljaren \u00e4r inte ansvarig om leveransen av v\u00e4xterna f\u00f6rsenas av n\u00e5gon anledning som ligger utanf\u00f6r s\u00e4ljarens kontroll, s\u00e5som strejk, import- eller exportf\u00f6rbud, exceptionella v\u00e4derf\u00f6rh\u00e5llanden, naturkatastrof, skadedjursskada, pandemi, avbrott i kollektivtrafiken (force majeure). Vid leveransf\u00f6rseningar \u00e4r den maximala ers\u00e4ttningen v\u00e4rdet av frakten, s\u00e5vida inte villkoren f\u00f6r den enskilda transaktionen f\u00f6reskriver n\u00e5got annat. Indirekta kostnader till f\u00f6ljd av f\u00f6rseningar ers\u00e4tts inte.  <\/p>\n<p>Vid efterleverans p\u00e5 grund av s\u00e4ljarens agerande kommer plantorna att levereras s\u00e5 snart de \u00e4r tillg\u00e4ngliga, med det vanliga transportmedlet till k\u00f6paren, varvid s\u00e4ljaren st\u00e5r f\u00f6r transportkostnaderna. Vid efterleverans p\u00e5 grund av k\u00f6parens agerande levereras plantorna s\u00e5 snart de \u00e4r tillg\u00e4ngliga f\u00f6r k\u00f6paren med normalt transportmedel, varvid transportkostnaderna b\u00e4rs av k\u00f6paren.<br>Det br\u00e4nsletill\u00e4gg som transport\u00f6ren tar ut ing\u00e5r i fraktpriset. Om till\u00e4ggsavgiften \u00f6kar v\u00e4sentligt har s\u00e4ljaren r\u00e4tt att ta ut en br\u00e4nsletill\u00e4ggsavgift.  <\/p>\n<p>Jordgubbsplantor kommer fr\u00e5n v\u00e5ra partnerplantskolor i Nederl\u00e4nderna och Tyskland, s\u00e5 antalet plantor i en l\u00e5da varierar beroende p\u00e5 plantskolan. Fakturan kommer att debiteras enligt antalet levererade plantor. <\/p>\n<p><strong>Plantstorlek Antal plantor\/yta Antal plantor per pall<\/strong><br>HWB 22mm+ 80\/100 \/150 st\/platta 7200 \/ 9000 st\/platta<br>MWB 18-22mm 120 \/200 st\/platta 8640 \/ 12000 st\/platta<br>LWB 15-18mm 200 \/250 st\/platta 14400 \/ 15000 st\/platta<br>A++: 17mm+ 200\/220 st\/platta 14400 st\/platta<br>A+: 13-17mm 250\/300\/ 350 st\/ltk 18000-21000 st\/lava<br>A5: 10-14mm 500 st\/ltk 36000 st\/lava<br>A\/A6: 9-13mm 600\/500 st\/ltk 30000-43200 st\/lava<br>A7: 7-10mm 700 st\/ltk 50400 st\/lava<br>F\u00f6rs\u00e4ndelserna packas p\u00e5 gaffeltruckspallar. 5\/8 ltk\/lager 60\/72ltk \/ pall, ca.10 kg \/ ltk <\/p>\n<p>Om en av de avtalsslutande parterna beg\u00e5r ett v\u00e4sentligt brott mot sina avtalsf\u00f6rpliktelser har den andra avtalsslutande parten r\u00e4tt att s\u00e4ga upp avtalet efter att ha l\u00e4mnat ett skriftligt f\u00f6rhandsmeddelande, s\u00e5vida inte bristen avhj\u00e4lps inom rimlig tid. En avtalsslutande part f\u00e5r s\u00e4ga upp avtalet om den andra avtalsslutande parten f\u00f6rs\u00e4tts i konkurs. <\/p>\n<p>Tvister som uppst\u00e5r p\u00e5 grund av dessa leverans- och garantivillkor, \u00e4ndringar och till\u00e4gg till dem samt andra r\u00e4ttsf\u00f6rh\u00e5llanden i anslutning till dem ska avg\u00f6ras av Egentliga Finlands tingsr\u00e4tt i enlighet med finsk lag.<\/p>\n<p>Dessa leverans- och garantivillkor tr\u00e4der i kraft den 12.1.2021 och g\u00e4ller tills vidare. K\u00f6paren godk\u00e4nner villkoren n\u00e4r han eller hon g\u00f6r en best\u00e4llning. S\u00e4ljaren f\u00f6rbeh\u00e5ller sig r\u00e4tten att \u00e4ndra villkoren.    <\/p>\t\t\t\t\t\t\t\t<\/div>\n\t\t\t\t<\/div>\n\t\t\t\t\t<\/div>\n\t\t\t\t<\/div>\n\t\t\t\t<\/div>\n\t\t","protected":false},"excerpt":{"rendered":"<p>Plantorna uppfyller kvalitetskraven i lagen om plantmaterial 1205\/1994 och dess \u00e4ndringar(https:\/\/www.finlex.fi\/fi\/laki\/ajantasa\/1994\/19941205) och MMM:s f\u00f6reskrifter 398\/2020 och 399\/2020 relaterade till lagen om plantmaterial(https:\/\/mmm.fi\/elaimet-kasvit\/taimiaineistot). K\u00f6paren av plantorna ska inom fyra (4) kalenderdagar fr\u00e5n mottagandet av plantorna skriftligen meddela oss om eventuella fel som uppt\u00e4cks i leveransen, sorteringen och\/eller f\u00f6rpackningen. K\u00f6paren ska p\u00e5 f\u00f6rsta plats g\u00f6ra en kontroll [&hellip;]<\/p>\n","protected":false},"author":1,"featured_media":0,"parent":0,"menu_order":0,"comment_status":"closed","ping_status":"closed","template":"","meta":{"_improvement_type_select":"improve_an_existing","_thumb_yes_seoaic":false,"_frame_yes_seoaic":false,"seoaic_generate_description":"","seoaic_improve_instructions_prompt":"","seoaic_rollback_content_improvement":"","seoaic_idea_thumbnail_generator":"","thumbnail_generated":false,"thumbnail_generate_prompt":"","seoaic_article_description":"","footnotes":""},"class_list":["post-8484","page","type-page","status-publish","hentry"],"_links":{"self":[{"href":"https:\/\/www.helle.fi\/sv\/wp-json\/wp\/v2\/pages\/8484","targetHints":{"allow":["GET"]}}],"collection":[{"href":"https:\/\/www.helle.fi\/sv\/wp-json\/wp\/v2\/pages"}],"about":[{"href":"https:\/\/www.helle.fi\/sv\/wp-json\/wp\/v2\/types\/page"}],"author":[{"embeddable":true,"href":"https:\/\/www.helle.fi\/sv\/wp-json\/wp\/v2\/users\/1"}],"replies":[{"embeddable":true,"href":"https:\/\/www.helle.fi\/sv\/wp-json\/wp\/v2\/comments?post=8484"}],"version-history":[{"count":3,"href":"https:\/\/www.helle.fi\/sv\/wp-json\/wp\/v2\/pages\/8484\/revisions"}],"predecessor-version":[{"id":8487,"href":"https:\/\/www.helle.fi\/sv\/wp-json\/wp\/v2\/pages\/8484\/revisions\/8487"}],"wp:attachment":[{"href":"https:\/\/www.helle.fi\/sv\/wp-json\/wp\/v2\/media?parent=8484"}],"curies":[{"name":"wp","href":"https:\/\/api.w.org\/{rel}","templated":true}]}}