{"id":8445,"date":"2025-12-12T12:40:37","date_gmt":"2025-12-12T10:40:37","guid":{"rendered":"https:\/\/www.helle.fi\/foretag\/"},"modified":"2026-03-04T11:14:47","modified_gmt":"2026-03-04T09:14:47","slug":"foretag","status":"publish","type":"page","link":"https:\/\/www.helle.fi\/sv\/foretag\/","title":{"rendered":"F\u00f6retag"},"content":{"rendered":"\t\t<div data-elementor-type=\"wp-page\" data-elementor-id=\"8445\" class=\"elementor elementor-8445 elementor-575\" data-elementor-post-type=\"page\">\n\t\t\t\t<div class=\"elementor-element elementor-element-7b4f36b e-con-full e-flex e-con e-parent\" data-id=\"7b4f36b\" data-element_type=\"container\" data-e-type=\"container\" data-settings=\"{&quot;jet_parallax_layout_list&quot;:[]}\">\n\t\t\t\t<div class=\"elementor-element elementor-element-f38d847 elementor-widget elementor-widget-template\" data-id=\"f38d847\" data-element_type=\"widget\" data-e-type=\"widget\" data-widget_type=\"template.default\">\n\t\t\t\t<div class=\"elementor-widget-container\">\n\t\t\t\t\t\t\t<div class=\"elementor-template\">\n\t\t\t\t\t<div data-elementor-type=\"container\" data-elementor-id=\"1110\" class=\"elementor elementor-1110\" data-elementor-post-type=\"elementor_library\">\n\t\t\t\t<div class=\"elementor-element elementor-element-81938a0 e-flex e-con-boxed e-con e-parent\" data-id=\"81938a0\" data-element_type=\"container\" data-e-type=\"container\" data-settings=\"{&quot;jet_parallax_layout_list&quot;:[]}\">\n\t\t\t\t\t<div class=\"e-con-inner\">\n\t\t\t\t<div class=\"elementor-element elementor-element-6882159 elementor-widget elementor-widget-template\" data-id=\"6882159\" data-element_type=\"widget\" data-e-type=\"widget\" data-widget_type=\"template.default\">\n\t\t\t\t<div class=\"elementor-widget-container\">\n\t\t\t\t\t\t\t<div class=\"elementor-template\">\n\t\t\t\t\t<div data-elementor-type=\"container\" data-elementor-id=\"8460\" class=\"elementor elementor-8460 elementor-1248 elementor-1248 elementor-1248\" data-elementor-post-type=\"elementor_library\">\n\t\t\t\t<div class=\"elementor-element elementor-element-75a1561a e-con-full e-flex e-con e-child\" data-id=\"75a1561a\" data-element_type=\"container\" data-e-type=\"container\" data-settings=\"{&quot;jet_parallax_layout_list&quot;:[],&quot;background_background&quot;:&quot;classic&quot;}\">\n\t\t\t\t<div class=\"elementor-element elementor-element-59edff5f elementor-widget elementor-widget-image\" data-id=\"59edff5f\" data-element_type=\"widget\" data-e-type=\"widget\" data-widget_type=\"image.default\">\n\t\t\t\t<div class=\"elementor-widget-container\">\n\t\t\t\t\t\t\t\t\t\t\t\t\t\t\t<img fetchpriority=\"high\" decoding=\"async\" width=\"2048\" height=\"1366\" src=\"https:\/\/www.helle.fi\/wp-content\/uploads\/2025\/12\/Kastelusivun-kuva-scaled-1-2048x1366.jpg\" class=\"attachment-2048x2048 size-2048x2048 wp-image-8461\" alt=\"\" srcset=\"https:\/\/www.helle.fi\/wp-content\/uploads\/2025\/12\/Kastelusivun-kuva-scaled-1-2048x1366.jpg 2048w, https:\/\/www.helle.fi\/wp-content\/uploads\/2025\/12\/Kastelusivun-kuva-scaled-1-300x200.jpg 300w, https:\/\/www.helle.fi\/wp-content\/uploads\/2025\/12\/Kastelusivun-kuva-scaled-1-1024x683.jpg 1024w, https:\/\/www.helle.fi\/wp-content\/uploads\/2025\/12\/Kastelusivun-kuva-scaled-1-768x512.jpg 768w, https:\/\/www.helle.fi\/wp-content\/uploads\/2025\/12\/Kastelusivun-kuva-scaled-1-1536x1024.jpg 1536w, https:\/\/www.helle.fi\/wp-content\/uploads\/2025\/12\/Kastelusivun-kuva-scaled-1-600x400.jpg 600w\" sizes=\"(max-width: 2048px) 100vw, 2048px\" \/>\t\t\t\t\t\t\t\t\t\t\t\t\t\t\t<\/div>\n\t\t\t\t<\/div>\n\t\t<div class=\"elementor-element elementor-element-7a967e0f e-flex e-con-boxed e-con e-child\" data-id=\"7a967e0f\" data-element_type=\"container\" data-e-type=\"container\" data-settings=\"{&quot;jet_parallax_layout_list&quot;:[]}\">\n\t\t\t\t\t<div class=\"e-con-inner\">\n\t\t\t\t<div class=\"elementor-element elementor-element-557eab4c elementor-widget elementor-widget-jet-breadcrumbs\" data-id=\"557eab4c\" data-element_type=\"widget\" data-e-type=\"widget\" data-widget_type=\"jet-breadcrumbs.default\">\n\t\t\t\t<div class=\"elementor-widget-container\">\n\t\t\t\t\t<div class=\"elementor-jet-breadcrumbs jet-blocks\">\n\t\t<div class=\"jet-breadcrumbs\">\n\t\t<div class=\"jet-breadcrumbs__content\">\n\t\t<div class=\"jet-breadcrumbs__wrap\"><div class=\"jet-breadcrumbs__item\"><a href=\"https:\/\/www.helle.fi\/sv\/\" class=\"jet-breadcrumbs__item-link is-home\" rel=\"home\" title=\"Startsida\">Startsida<\/a><\/div>\n\t\t<\/div>\n\t\t<\/div>\n\t\t<\/div><\/div>\t\t\t\t<\/div>\n\t\t\t\t<\/div>\n\t\t\t\t\t<\/div>\n\t\t\t\t<\/div>\n\t\t\t\t<\/div>\n\t\t\t\t<\/div>\n\t\t\t\t<\/div>\n\t\t\t\t\t\t<\/div>\n\t\t\t\t<\/div>\n\t\t<div class=\"elementor-element elementor-element-b9f11fc e-flex e-con-boxed e-con e-child\" data-id=\"b9f11fc\" data-element_type=\"container\" data-e-type=\"container\" data-settings=\"{&quot;jet_parallax_layout_list&quot;:[]}\">\n\t\t\t\t\t<div class=\"e-con-inner\">\n\t\t\t\t\t<\/div>\n\t\t\t\t<\/div>\n\t\t\t\t\t<\/div>\n\t\t\t\t<\/div>\n\t\t\t\t<\/div>\n\t\t\t\t<\/div>\n\t\t\t\t\t\t<\/div>\n\t\t\t\t<\/div>\n\t\t\t\t<\/div>\n\t\t<div class=\"elementor-element elementor-element-07701ae osiomarginbottom e-flex e-con-boxed e-con e-parent\" data-id=\"07701ae\" data-element_type=\"container\" data-e-type=\"container\" data-settings=\"{&quot;jet_parallax_layout_list&quot;:[]}\">\n\t\t\t\t\t<div class=\"e-con-inner\">\n\t\t<div class=\"elementor-element elementor-element-003ca75 e-con-full e-flex e-con e-child\" data-id=\"003ca75\" data-element_type=\"container\" data-e-type=\"container\" data-settings=\"{&quot;jet_parallax_layout_list&quot;:[]}\">\n\t\t<div class=\"elementor-element elementor-element-a9247f1 e-con-full e-flex e-con e-child\" data-id=\"a9247f1\" data-element_type=\"container\" data-e-type=\"container\" data-settings=\"{&quot;jet_parallax_layout_list&quot;:[]}\">\n\t\t\t\t<div class=\"elementor-element elementor-element-0daabaf elementor-widget elementor-widget-text-editor\" data-id=\"0daabaf\" data-element_type=\"widget\" data-e-type=\"widget\" data-widget_type=\"text-editor.default\">\n\t\t\t\t<div class=\"elementor-widget-container\">\n\t\t\t\t\t\t\t\t\t<p>Puutarhaliike Helle Oy \u00e4r ett grossistf\u00f6retag inom tr\u00e4dg\u00e5rdsbranschen som grundades 1988. V\u00e5rt produktsortiment omfattar all den produktionsutrustning som en jordbrukare beh\u00f6ver f\u00f6r sin egen produktion, fr\u00e5n fr\u00f6n och odlingsmedia till v\u00e4xthusstrukturer och teknik.<\/p><p>V\u00e5rt uppdrag \u00e4r att f\u00f6rse professionella tr\u00e4dg\u00e5rdsodlare med h\u00f6gkvalitativa, tillf\u00f6rlitliga och kostnadseffektiva verktyg f\u00f6r en l\u00f6nsam och konkurrenskraftig produktion. Vi uppn\u00e5r detta genom v\u00e5ra medarbetares expertis och direkta kontakter med v\u00e4rldens ledande fr\u00f6f\u00f6r\u00e4dlare och leverant\u00f6rer.<\/p><p>V\u00e5rt lager och huvudkontor ligger i Vanhalinna, Liedo, i n\u00e4rheten av \u00c5bo. Svenskspr\u00e5kiga \u00d6sterbotten betj\u00e4nas av v\u00e5rt regionkontor i N\u00e4rpes. Dessutom t\u00e4cker v\u00e5rt regionala n\u00e4tverk av agenter och \u00e5terf\u00f6rs\u00e4ljare hela Finland, inklusive nordligaste Lappland.<\/p><p>Koroisten Puutarha Oy, Elektro-Valo Oy, A.M.Ozoli (Lettland), Horticom O\u00dc (Baltia) h\u00f6r ocks\u00e5 till samma grupp. Puutarhaliike Helle Oy \u00e4r moderbolag och ovanst\u00e5ende bolag \u00e4r dotterbolag.<\/p>\t\t\t\t\t\t\t\t<\/div>\n\t\t\t\t<\/div>\n\t\t\t\t<\/div>\n\t\t<div class=\"elementor-element elementor-element-b8ce9d8 e-con-full e-flex e-con e-child\" data-id=\"b8ce9d8\" data-element_type=\"container\" data-e-type=\"container\" data-settings=\"{&quot;jet_parallax_layout_list&quot;:[]}\">\n\t\t\t\t<div class=\"elementor-element elementor-element-9a65e08 box-shadow elementor-widget elementor-widget-jet-video\" data-id=\"9a65e08\" data-element_type=\"widget\" data-e-type=\"widget\" data-widget_type=\"jet-video.default\">\n\t\t\t\t<div class=\"elementor-widget-container\">\n\t\t\t\t\t<div class=\"elementor-jet-video jet-elements\">\n<div class=\"jet-video jet-video--fa5-compat jet-video-aspect-ratio jet-video-aspect-ratio--3-2\" data-settings=\"{&quot;lightbox&quot;:false,&quot;autoplay&quot;:false}\"><iframe class=\"jet-video-iframe\" allowfullscreen allow=\"autoplay;encrypted-media\" title=\"youtube-videospelare\" data-lazy-load=\"https:\/\/www.youtube.com\/embed\/Uoc0crT6N9U?feature=oembed&amp;start&amp;end&amp;wmode=opaque&amp;autoplay=0&amp;loop=0&amp;controls=1&amp;mute=0&amp;rel=0&amp;modestbranding=0\"><\/iframe>\n<div class=\"jet-video__overlay jet-video__overlay--custom-bg\" style=\"background-image: url(https:\/\/i.ytimg.com\/vi_webp\/Uoc0crT6N9U\/hqdefault.webp);\">\n<div class=\"jet-video__play-button\" role=\"button\" tabindex=\"0\" aria-label=\"Video play button\"><span class=\"jet-elements-icon jet-video__play-button-icon\"><i aria-hidden=\"true\" class=\"fas fa-play\"><\/i><\/span>\t<span class=\"elementor-screen-only\">Play Video<\/span>\n<\/div>\n<\/div>\n<\/div>\n<\/div>\t\t\t\t<\/div>\n\t\t\t\t<\/div>\n\t\t\t\t<\/div>\n\t\t\t\t<\/div>\n\t\t<div class=\"elementor-element elementor-element-4fb2cee e-grid e-con-full e-con e-child\" data-id=\"4fb2cee\" data-element_type=\"container\" data-e-type=\"container\" data-settings=\"{&quot;jet_parallax_layout_list&quot;:[]}\">\n\t\t\t\t<div class=\"elementor-element elementor-element-3b486bc elementor-widget elementor-widget-image\" data-id=\"3b486bc\" data-element_type=\"widget\" data-e-type=\"widget\" data-widget_type=\"image.default\">\n\t\t\t\t<div class=\"elementor-widget-container\">\n\t\t\t\t\t\t\t\t\t\t\t\t\t\t\t<img decoding=\"async\" width=\"500\" height=\"69\" src=\"https:\/\/www.helle.fi\/wp-content\/uploads\/2025\/12\/koroisten_puutarha_logo.png\" class=\"attachment-large size-large wp-image-8446\" alt=\"\" srcset=\"https:\/\/www.helle.fi\/wp-content\/uploads\/2025\/12\/koroisten_puutarha_logo.png 500w, https:\/\/www.helle.fi\/wp-content\/uploads\/2025\/12\/koroisten_puutarha_logo-300x41.png 300w\" sizes=\"(max-width: 500px) 100vw, 500px\" \/>\t\t\t\t\t\t\t\t\t\t\t\t\t\t\t<\/div>\n\t\t\t\t<\/div>\n\t\t\t\t<div class=\"elementor-element elementor-element-787e328 elementor-widget elementor-widget-image\" data-id=\"787e328\" data-element_type=\"widget\" data-e-type=\"widget\" data-widget_type=\"image.default\">\n\t\t\t\t<div class=\"elementor-widget-container\">\n\t\t\t\t\t\t\t\t\t\t\t\t\t\t\t<img decoding=\"async\" width=\"465\" height=\"247\" src=\"https:\/\/www.helle.fi\/wp-content\/uploads\/2025\/12\/Ylitalo-ellipsi-uusi.png\" class=\"attachment-large size-large wp-image-8447\" alt=\"\" srcset=\"https:\/\/www.helle.fi\/wp-content\/uploads\/2025\/12\/Ylitalo-ellipsi-uusi.png 465w, https:\/\/www.helle.fi\/wp-content\/uploads\/2025\/12\/Ylitalo-ellipsi-uusi-300x159.png 300w\" sizes=\"(max-width: 465px) 100vw, 465px\" \/>\t\t\t\t\t\t\t\t\t\t\t\t\t\t\t<\/div>\n\t\t\t\t<\/div>\n\t\t\t\t<div class=\"elementor-element elementor-element-253efc4 elementor-widget elementor-widget-image\" data-id=\"253efc4\" data-element_type=\"widget\" data-e-type=\"widget\" data-widget_type=\"image.default\">\n\t\t\t\t<div class=\"elementor-widget-container\">\n\t\t\t\t\t\t\t\t\t\t\t\t\t\t\t<img loading=\"lazy\" decoding=\"async\" width=\"768\" height=\"267\" src=\"https:\/\/www.helle.fi\/wp-content\/uploads\/2025\/12\/large-elektro-valo-suomalainen-valaisinvalmistaja-logo.png\" class=\"attachment-large size-large wp-image-8448\" alt=\"\" srcset=\"https:\/\/www.helle.fi\/wp-content\/uploads\/2025\/12\/large-elektro-valo-suomalainen-valaisinvalmistaja-logo.png 768w, https:\/\/www.helle.fi\/wp-content\/uploads\/2025\/12\/large-elektro-valo-suomalainen-valaisinvalmistaja-logo-300x104.png 300w, https:\/\/www.helle.fi\/wp-content\/uploads\/2025\/12\/large-elektro-valo-suomalainen-valaisinvalmistaja-logo-600x209.png 600w\" sizes=\"(max-width: 768px) 100vw, 768px\" \/>\t\t\t\t\t\t\t\t\t\t\t\t\t\t\t<\/div>\n\t\t\t\t<\/div>\n\t\t\t\t<div class=\"elementor-element elementor-element-021ec94 elementor-widget elementor-widget-image\" data-id=\"021ec94\" data-element_type=\"widget\" data-e-type=\"widget\" data-widget_type=\"image.default\">\n\t\t\t\t<div class=\"elementor-widget-container\">\n\t\t\t\t\t\t\t\t\t\t\t\t\t\t\t<img loading=\"lazy\" decoding=\"async\" width=\"459\" height=\"235\" src=\"https:\/\/www.helle.fi\/wp-content\/uploads\/2025\/12\/large-Horticom-snip.png\" class=\"attachment-large size-large wp-image-8449\" alt=\"\" srcset=\"https:\/\/www.helle.fi\/wp-content\/uploads\/2025\/12\/large-Horticom-snip.png 459w, https:\/\/www.helle.fi\/wp-content\/uploads\/2025\/12\/large-Horticom-snip-300x154.png 300w\" sizes=\"(max-width: 459px) 100vw, 459px\" \/>\t\t\t\t\t\t\t\t\t\t\t\t\t\t\t<\/div>\n\t\t\t\t<\/div>\n\t\t\t\t<div class=\"elementor-element elementor-element-b33d017 elementor-widget elementor-widget-image\" data-id=\"b33d017\" data-element_type=\"widget\" data-e-type=\"widget\" data-widget_type=\"image.default\">\n\t\t\t\t<div class=\"elementor-widget-container\">\n\t\t\t\t\t\t\t\t\t\t\t\t\t\t\t<img loading=\"lazy\" decoding=\"async\" width=\"185\" height=\"54\" src=\"https:\/\/www.helle.fi\/wp-content\/uploads\/2025\/12\/amozoli.png\" class=\"attachment-large size-large wp-image-8450\" alt=\"\" \/>\t\t\t\t\t\t\t\t\t\t\t\t\t\t\t<\/div>\n\t\t\t\t<\/div>\n\t\t\t\t<\/div>\n\t\t\t\t\t<\/div>\n\t\t\t\t<\/div>\n\t\t<div class=\"elementor-element elementor-element-4cbce46 e-flex e-con-boxed e-con e-parent\" data-id=\"4cbce46\" data-element_type=\"container\" data-e-type=\"container\" data-settings=\"{&quot;jet_parallax_layout_list&quot;:[]}\">\n\t\t\t\t\t<div class=\"e-con-inner\">\n\t\t\t\t<div class=\"elementor-element elementor-element-3ffd145 elementor-widget elementor-widget-image\" data-id=\"3ffd145\" data-element_type=\"widget\" data-e-type=\"widget\" data-widget_type=\"image.default\">\n\t\t\t\t<div class=\"elementor-widget-container\">\n\t\t\t\t\t\t\t\t\t\t\t\t\t\t\t<img loading=\"lazy\" decoding=\"async\" width=\"1920\" height=\"624\" src=\"https:\/\/www.helle.fi\/wp-content\/uploads\/2025\/12\/helle-porukka.jpg\" class=\"attachment-full size-full wp-image-8451\" alt=\"\" srcset=\"https:\/\/www.helle.fi\/wp-content\/uploads\/2025\/12\/helle-porukka.jpg 1920w, https:\/\/www.helle.fi\/wp-content\/uploads\/2025\/12\/helle-porukka-300x98.jpg 300w, https:\/\/www.helle.fi\/wp-content\/uploads\/2025\/12\/helle-porukka-1024x333.jpg 1024w, https:\/\/www.helle.fi\/wp-content\/uploads\/2025\/12\/helle-porukka-768x250.jpg 768w, https:\/\/www.helle.fi\/wp-content\/uploads\/2025\/12\/helle-porukka-1536x499.jpg 1536w, https:\/\/www.helle.fi\/wp-content\/uploads\/2025\/12\/helle-porukka-600x195.jpg 600w\" sizes=\"(max-width: 1920px) 100vw, 1920px\" \/>\t\t\t\t\t\t\t\t\t\t\t\t\t\t\t<\/div>\n\t\t\t\t<\/div>\n\t\t\t\t\t<\/div>\n\t\t\t\t<\/div>\n\t\t<div class=\"elementor-element elementor-element-f212256 osiomargin e-flex e-con-boxed e-con e-parent\" data-id=\"f212256\" data-element_type=\"container\" data-e-type=\"container\" data-settings=\"{&quot;jet_parallax_layout_list&quot;:[]}\">\n\t\t\t\t\t<div class=\"e-con-inner\">\n\t\t<div class=\"elementor-element elementor-element-959058f e-con-full e-flex e-con e-child\" data-id=\"959058f\" data-element_type=\"container\" data-e-type=\"container\" data-settings=\"{&quot;jet_parallax_layout_list&quot;:[]}\">\n\t\t<div class=\"elementor-element elementor-element-79fa737 e-con-full box-shadow e-flex e-con e-child\" data-id=\"79fa737\" data-element_type=\"container\" data-e-type=\"container\" data-settings=\"{&quot;jet_parallax_layout_list&quot;:[]}\">\n\t\t<div class=\"elementor-element elementor-element-312b56b e-con-full e-flex e-con e-child\" data-id=\"312b56b\" data-element_type=\"container\" data-e-type=\"container\" data-settings=\"{&quot;jet_parallax_layout_list&quot;:[]}\">\n\t\t\t\t<div class=\"elementor-element elementor-element-050e6de elementor-widget elementor-widget-heading\" data-id=\"050e6de\" data-element_type=\"widget\" data-e-type=\"widget\" data-widget_type=\"heading.default\">\n\t\t\t\t<div class=\"elementor-widget-container\">\n\t\t\t\t\t<h2 class=\"elementor-heading-title elementor-size-default\">Uppdrag<\/h2>\t\t\t\t<\/div>\n\t\t\t\t<\/div>\n\t\t\t\t<div class=\"elementor-element elementor-element-3c79d2b elementor-widget elementor-widget-heading\" data-id=\"3c79d2b\" data-element_type=\"widget\" data-e-type=\"widget\" data-widget_type=\"heading.default\">\n\t\t\t\t<div class=\"elementor-widget-container\">\n\t\t\t\t\t<h4 class=\"elementor-heading-title elementor-size-default\">V\u00e5rt uppdrag, sk\u00e4let till att f\u00f6retaget existerar<\/h4>\t\t\t\t<\/div>\n\t\t\t\t<\/div>\n\t\t\t\t<\/div>\n\t\t\t\t<div class=\"elementor-element elementor-element-172ca04 elementor-widget elementor-widget-text-editor\" data-id=\"172ca04\" data-element_type=\"widget\" data-e-type=\"widget\" data-widget_type=\"text-editor.default\">\n\t\t\t\t<div class=\"elementor-widget-container\">\n\t\t\t\t\t\t\t\t\t<p>Vi \u00e4r den professionella lantbrukarens mest betrodda partner.<\/p>\t\t\t\t\t\t\t\t<\/div>\n\t\t\t\t<\/div>\n\t\t\t\t<\/div>\n\t\t<div class=\"elementor-element elementor-element-43dd587 e-con-full box-shadow e-flex e-con e-child\" data-id=\"43dd587\" data-element_type=\"container\" data-e-type=\"container\" data-settings=\"{&quot;jet_parallax_layout_list&quot;:[]}\">\n\t\t<div class=\"elementor-element elementor-element-83053f2 e-con-full e-flex e-con e-child\" data-id=\"83053f2\" data-element_type=\"container\" data-e-type=\"container\" data-settings=\"{&quot;jet_parallax_layout_list&quot;:[]}\">\n\t\t\t\t<div class=\"elementor-element elementor-element-b087d22 elementor-widget elementor-widget-heading\" data-id=\"b087d22\" data-element_type=\"widget\" data-e-type=\"widget\" data-widget_type=\"heading.default\">\n\t\t\t\t<div class=\"elementor-widget-container\">\n\t\t\t\t\t<h2 class=\"elementor-heading-title elementor-size-default\">Visio<\/h2>\t\t\t\t<\/div>\n\t\t\t\t<\/div>\n\t\t\t\t<div class=\"elementor-element elementor-element-967e162 elementor-widget elementor-widget-heading\" data-id=\"967e162\" data-element_type=\"widget\" data-e-type=\"widget\" data-widget_type=\"heading.default\">\n\t\t\t\t<div class=\"elementor-widget-container\">\n\t\t\t\t\t<h4 class=\"elementor-heading-title elementor-size-default\">V\u00e5r vision f\u00f6r framtiden<\/h4>\t\t\t\t<\/div>\n\t\t\t\t<\/div>\n\t\t\t\t<\/div>\n\t\t\t\t<div class=\"elementor-element elementor-element-7d2a8b1 elementor-widget elementor-widget-text-editor\" data-id=\"7d2a8b1\" data-element_type=\"widget\" data-e-type=\"widget\" data-widget_type=\"text-editor.default\">\n\t\t\t\t<div class=\"elementor-widget-container\">\n\t\t\t\t\t\t\t\t\t<p>Vi erbjuder v\u00e4rldens b\u00e4sta produkter och l\u00f6sningar f\u00f6r professionellt jordbruk till finska jordbrukare.  <\/p>\t\t\t\t\t\t\t\t<\/div>\n\t\t\t\t<\/div>\n\t\t\t\t<\/div>\n\t\t\t\t<\/div>\n\t\t<div class=\"elementor-element elementor-element-2157c30 e-con-full e-flex e-con e-child\" data-id=\"2157c30\" data-element_type=\"container\" data-e-type=\"container\" data-settings=\"{&quot;jet_parallax_layout_list&quot;:[]}\">\n\t\t<div class=\"elementor-element elementor-element-25b7113 e-con-full box-shadow e-flex e-con e-child\" data-id=\"25b7113\" data-element_type=\"container\" data-e-type=\"container\" data-settings=\"{&quot;jet_parallax_layout_list&quot;:[]}\">\n\t\t<div class=\"elementor-element elementor-element-141c328 e-con-full e-flex e-con e-child\" data-id=\"141c328\" data-element_type=\"container\" data-e-type=\"container\" data-settings=\"{&quot;jet_parallax_layout_list&quot;:[]}\">\n\t\t\t\t<div class=\"elementor-element elementor-element-1118c04 elementor-widget elementor-widget-heading\" data-id=\"1118c04\" data-element_type=\"widget\" data-e-type=\"widget\" data-widget_type=\"heading.default\">\n\t\t\t\t<div class=\"elementor-widget-container\">\n\t\t\t\t\t<h2 class=\"elementor-heading-title elementor-size-default\">V\u00e4rden<\/h2>\t\t\t\t<\/div>\n\t\t\t\t<\/div>\n\t\t\t\t<div class=\"elementor-element elementor-element-d4cc3fa elementor-widget elementor-widget-heading\" data-id=\"d4cc3fa\" data-element_type=\"widget\" data-e-type=\"widget\" data-widget_type=\"heading.default\">\n\t\t\t\t<div class=\"elementor-widget-container\">\n\t\t\t\t\t<h4 class=\"elementor-heading-title elementor-size-default\">Vilket \u00e5terspeglas i allt vi g\u00f6r:<\/h4>\t\t\t\t<\/div>\n\t\t\t\t<\/div>\n\t\t\t\t<\/div>\n\t\t\t\t<div class=\"elementor-element elementor-element-f90804b elementor-icon-list--layout-traditional elementor-list-item-link-full_width elementor-widget elementor-widget-icon-list\" data-id=\"f90804b\" data-element_type=\"widget\" data-e-type=\"widget\" data-widget_type=\"icon-list.default\">\n\t\t\t\t<div class=\"elementor-widget-container\">\n\t\t\t\t\t\t\t<ul class=\"elementor-icon-list-items\">\n\t\t\t\t\t\t\t<li class=\"elementor-icon-list-item\">\n\t\t\t\t\t\t\t\t\t\t\t<span class=\"elementor-icon-list-icon\">\n\t\t\t\t\t\t\t<svg xmlns=\"http:\/\/www.w3.org\/2000\/svg\" id=\"Layer_1\" viewBox=\"0 0 19.3 19.3\"><path d=\"M9.7,0c5.3,0,9.6,4.3,9.7,9.6,0,0,0,0,0,.1,0,5.3-4.3,9.7-9.7,9.7C4.3,19.3,0,15,0,9.7,0,4.3,4.3,0,9.7,0ZM9.7,1.5c-4.5,0-8.2,3.7-8.2,8.2,0,4.5,3.7,8.2,8.2,8.2,4.5,0,8.1-3.6,8.2-8.1,0,0,0,0,0,0,0-4.5-3.7-8.2-8.2-8.2ZM12.2,7.1c.3-.3.8-.3,1.1,0,.3.3.3.8,0,1.1l-4,4c-.1.1-.3.2-.5.2-.2,0-.4,0-.5-.2l-2.1-2.1c-.3-.3-.3-.8,0-1.1.3-.3.8-.3,1.1,0l1.6,1.6,3.5-3.5Z\"><\/path><\/svg>\t\t\t\t\t\t<\/span>\n\t\t\t\t\t\t\t\t\t\t<span class=\"elementor-icon-list-text\"><b>Aktiv:<\/b> vi har en aktiv kontakt med v\u00e5ra kunder och s\u00f6ker l\u00f6sningar som uppfyller deras behov. Vi f\u00e5r jobbet gjort, varje dag. <\/span>\n\t\t\t\t\t\t\t\t\t<\/li>\n\t\t\t\t\t\t\t\t<li class=\"elementor-icon-list-item\">\n\t\t\t\t\t\t\t\t\t\t\t<span class=\"elementor-icon-list-icon\">\n\t\t\t\t\t\t\t<svg xmlns=\"http:\/\/www.w3.org\/2000\/svg\" id=\"Layer_1\" viewBox=\"0 0 19.3 19.3\"><path d=\"M9.7,0c5.3,0,9.6,4.3,9.7,9.6,0,0,0,0,0,.1,0,5.3-4.3,9.7-9.7,9.7C4.3,19.3,0,15,0,9.7,0,4.3,4.3,0,9.7,0ZM9.7,1.5c-4.5,0-8.2,3.7-8.2,8.2,0,4.5,3.7,8.2,8.2,8.2,4.5,0,8.1-3.6,8.2-8.1,0,0,0,0,0,0,0-4.5-3.7-8.2-8.2-8.2ZM12.2,7.1c.3-.3.8-.3,1.1,0,.3.3.3.8,0,1.1l-4,4c-.1.1-.3.2-.5.2-.2,0-.4,0-.5-.2l-2.1-2.1c-.3-.3-.3-.8,0-1.1.3-.3.8-.3,1.1,0l1.6,1.6,3.5-3.5Z\"><\/path><\/svg>\t\t\t\t\t\t<\/span>\n\t\t\t\t\t\t\t\t\t\t<span class=\"elementor-icon-list-text\"><b>Kvalitet:<\/b> Vi vill uppn\u00e5 h\u00f6g kvalitet i v\u00e5rt arbete, b\u00e5de externt och internt. Vi f\u00e5r jobbet gjort p\u00e5 r\u00e4tt s\u00e4tt, p\u00e5 en g\u00e5ng.<\/span>\n\t\t\t\t\t\t\t\t\t<\/li>\n\t\t\t\t\t\t\t\t<li class=\"elementor-icon-list-item\">\n\t\t\t\t\t\t\t\t\t\t\t<span class=\"elementor-icon-list-icon\">\n\t\t\t\t\t\t\t<svg xmlns=\"http:\/\/www.w3.org\/2000\/svg\" id=\"Layer_1\" viewBox=\"0 0 19.3 19.3\"><path d=\"M9.7,0c5.3,0,9.6,4.3,9.7,9.6,0,0,0,0,0,.1,0,5.3-4.3,9.7-9.7,9.7C4.3,19.3,0,15,0,9.7,0,4.3,4.3,0,9.7,0ZM9.7,1.5c-4.5,0-8.2,3.7-8.2,8.2,0,4.5,3.7,8.2,8.2,8.2,4.5,0,8.1-3.6,8.2-8.1,0,0,0,0,0,0,0-4.5-3.7-8.2-8.2-8.2ZM12.2,7.1c.3-.3.8-.3,1.1,0,.3.3.3.8,0,1.1l-4,4c-.1.1-.3.2-.5.2-.2,0-.4,0-.5-.2l-2.1-2.1c-.3-.3-.3-.8,0-1.1.3-.3.8-.3,1.1,0l1.6,1.6,3.5-3.5Z\"><\/path><\/svg>\t\t\t\t\t\t<\/span>\n\t\t\t\t\t\t\t\t\t\t<span class=\"elementor-icon-list-text\"><b>P\u00e5litlighet:<\/b> oavsett om det \u00e4r en kund, en kollega, en klient eller en annan intressent, s\u00e5 h\u00e5ller vi vad vi lovar. Vi har snabba och p\u00e5litliga leveranser och ett brett sortiment av produkter i lager f\u00f6r omedelbar tillg\u00e4nglighet. <\/span>\n\t\t\t\t\t\t\t\t\t<\/li>\n\t\t\t\t\t\t\t\t<li class=\"elementor-icon-list-item\">\n\t\t\t\t\t\t\t\t\t\t\t<span class=\"elementor-icon-list-icon\">\n\t\t\t\t\t\t\t<svg xmlns=\"http:\/\/www.w3.org\/2000\/svg\" id=\"Layer_1\" viewBox=\"0 0 19.3 19.3\"><path d=\"M9.7,0c5.3,0,9.6,4.3,9.7,9.6,0,0,0,0,0,.1,0,5.3-4.3,9.7-9.7,9.7C4.3,19.3,0,15,0,9.7,0,4.3,4.3,0,9.7,0ZM9.7,1.5c-4.5,0-8.2,3.7-8.2,8.2,0,4.5,3.7,8.2,8.2,8.2,4.5,0,8.1-3.6,8.2-8.1,0,0,0,0,0,0,0-4.5-3.7-8.2-8.2-8.2ZM12.2,7.1c.3-.3.8-.3,1.1,0,.3.3.3.8,0,1.1l-4,4c-.1.1-.3.2-.5.2-.2,0-.4,0-.5-.2l-2.1-2.1c-.3-.3-.3-.8,0-1.1.3-.3.8-.3,1.1,0l1.6,1.6,3.5-3.5Z\"><\/path><\/svg>\t\t\t\t\t\t<\/span>\n\t\t\t\t\t\t\t\t\t\t<span class=\"elementor-icon-list-text\"><b>Fram\u00e5tblickande:<\/b> vi f\u00f6ljer noga nya trender och branschinnovationer och g\u00f6r dem tillg\u00e4ngliga f\u00f6r v\u00e5ra kunder. <\/span>\n\t\t\t\t\t\t\t\t\t<\/li>\n\t\t\t\t\t\t\t\t<li class=\"elementor-icon-list-item\">\n\t\t\t\t\t\t\t\t\t\t\t<span class=\"elementor-icon-list-icon\">\n\t\t\t\t\t\t\t<svg xmlns=\"http:\/\/www.w3.org\/2000\/svg\" id=\"Layer_1\" viewBox=\"0 0 19.3 19.3\"><path d=\"M9.7,0c5.3,0,9.6,4.3,9.7,9.6,0,0,0,0,0,.1,0,5.3-4.3,9.7-9.7,9.7C4.3,19.3,0,15,0,9.7,0,4.3,4.3,0,9.7,0ZM9.7,1.5c-4.5,0-8.2,3.7-8.2,8.2,0,4.5,3.7,8.2,8.2,8.2,4.5,0,8.1-3.6,8.2-8.1,0,0,0,0,0,0,0-4.5-3.7-8.2-8.2-8.2ZM12.2,7.1c.3-.3.8-.3,1.1,0,.3.3.3.8,0,1.1l-4,4c-.1.1-.3.2-.5.2-.2,0-.4,0-.5-.2l-2.1-2.1c-.3-.3-.3-.8,0-1.1.3-.3.8-.3,1.1,0l1.6,1.6,3.5-3.5Z\"><\/path><\/svg>\t\t\t\t\t\t<\/span>\n\t\t\t\t\t\t\t\t\t\t<span class=\"elementor-icon-list-text\"><b>Ekologi: Att<\/b> ta hand om naturen \u00e4r en fr\u00e5ga som ligger oss varmt om hj\u00e4rtat. Ekologin \u00e4r n\u00e4rvarande i v\u00e5ra dagliga val - stora som sm\u00e5.<\/span>\n\t\t\t\t\t\t\t\t\t<\/li>\n\t\t\t\t\t\t<\/ul>\n\t\t\t\t\t\t<\/div>\n\t\t\t\t<\/div>\n\t\t\t\t<\/div>\n\t\t\t\t<\/div>\n\t\t\t\t\t<\/div>\n\t\t\t\t<\/div>\n\t\t\t\t<\/div>\n\t\t","protected":false},"excerpt":{"rendered":"<p>Puutarhaliike Helle Oy \u00e4r ett grossistf\u00f6retag inom tr\u00e4dg\u00e5rdsbranschen som grundades 1988. V\u00e5rt produktsortiment omfattar all den produktionsutrustning som en jordbrukare beh\u00f6ver f\u00f6r sin egen produktion, fr\u00e5n fr\u00f6n och odlingsmedia till v\u00e4xthusstrukturer och teknik. V\u00e5rt uppdrag \u00e4r att f\u00f6rse professionella tr\u00e4dg\u00e5rdsodlare med h\u00f6gkvalitativa, tillf\u00f6rlitliga och kostnadseffektiva verktyg f\u00f6r en l\u00f6nsam och konkurrenskraftig produktion. Vi uppn\u00e5r detta [&hellip;]<\/p>\n","protected":false},"author":1,"featured_media":0,"parent":0,"menu_order":0,"comment_status":"closed","ping_status":"closed","template":"","meta":{"_improvement_type_select":"improve_an_existing","_thumb_yes_seoaic":false,"_frame_yes_seoaic":false,"seoaic_generate_description":"","seoaic_improve_instructions_prompt":"","seoaic_rollback_content_improvement":"","seoaic_idea_thumbnail_generator":"","thumbnail_generated":false,"thumbnail_generate_prompt":"","seoaic_article_description":"","footnotes":""},"class_list":["post-8445","page","type-page","status-publish","hentry"],"_links":{"self":[{"href":"https:\/\/www.helle.fi\/sv\/wp-json\/wp\/v2\/pages\/8445","targetHints":{"allow":["GET"]}}],"collection":[{"href":"https:\/\/www.helle.fi\/sv\/wp-json\/wp\/v2\/pages"}],"about":[{"href":"https:\/\/www.helle.fi\/sv\/wp-json\/wp\/v2\/types\/page"}],"author":[{"embeddable":true,"href":"https:\/\/www.helle.fi\/sv\/wp-json\/wp\/v2\/users\/1"}],"replies":[{"embeddable":true,"href":"https:\/\/www.helle.fi\/sv\/wp-json\/wp\/v2\/comments?post=8445"}],"version-history":[{"count":1,"href":"https:\/\/www.helle.fi\/sv\/wp-json\/wp\/v2\/pages\/8445\/revisions"}],"predecessor-version":[{"id":8452,"href":"https:\/\/www.helle.fi\/sv\/wp-json\/wp\/v2\/pages\/8445\/revisions\/8452"}],"wp:attachment":[{"href":"https:\/\/www.helle.fi\/sv\/wp-json\/wp\/v2\/media?parent=8445"}],"curies":[{"name":"wp","href":"https:\/\/api.w.org\/{rel}","templated":true}]}}